{"id":353,"date":"2015-05-18T12:34:06","date_gmt":"2015-05-18T12:34:06","guid":{"rendered":"http:\/\/usvl.sav.sk\/wp\/?page_id=353"},"modified":"2026-01-08T13:44:28","modified_gmt":"2026-01-08T13:44:28","slug":"structure-of-institute","status":"publish","type":"page","link":"https:\/\/usvl.sav.sk\/wp\/?page_id=28","title":{"rendered":"Structure of Institute"},"content":{"rendered":"<p><b>Director:<\/b><br \/>\n<span class=\"italic\">doc. Mgr. R\u00f3bert G\u00e1frik, PhD.\u00a0 \u00a0tel.:<\/span> 00421 2 5443 1995\u00a0\/ <span class=\"italic\">e-mail:<\/span> robert.gafrik@savba.sk<\/p>\n<p><b>Deputy director:<\/b><br \/>\n<span class=\"italic\">Mgr. Roman Mikul\u00e1\u0161, PhD.\u00a0 \u00a0tel.:<\/span> 00421 2 5443 1995\u00a0\/ <span class=\"italic\">e-mail:<\/span> roman.mikulas@savba.sk<\/p>\n<p><b>Institute secretary:<\/b><br \/>\nMgr. Silvia Ryb\u00e1rov\u00e1, PhD.\u00a0 <span class=\"italic\">e-mail:<\/span> silvia.rybarova@savba.sk<\/p>\n<p><b>Office assistant:<\/b><br \/>\nMgr. Ingrid Synakov\u00e1 <span class=\"italic\">tel.:<\/span> 00421 2 5443 1995\u00a0\/ <span class=\"italic\">e-mail:<\/span> usvlisyn@savba.sk<\/p>\n<p>&nbsp;<\/p>\n<p><strong>Management board:<\/strong><br \/>\nPhDr. Jana Cvikov\u00e1, PhD.; doc. Mgr. R\u00f3bert G\u00e1frik, PhD. (chairperson); Mgr. Judit G\u00f6r\u00f6zdi, PhD.; Mgr. Roman Mikul\u00e1\u0161, PhD.; Mgr. Igor Ty\u0161\u0161, PhD.<\/p>\n<p><strong>Supervisory board:<\/strong><br \/>\nMgr. R\u00f3bert Karul, PhD. (chairperson); Ing. Veronika P\u00fa\u010dikov\u00e1; Ing. Andrej Zme\u010dek<\/p>\n<p><strong>Scientific board:<\/strong><br \/>\nprof. PhDr. Katar\u00edna Bedn\u00e1rov\u00e1, CSc.; prof. Mgr. Adam B\u017eoch, CSc. (chairperson); prof. PhDr. M\u00e1ria Kus\u00e1, CSc.; Mgr. Michal Hvoreck\u00fd; doc. PhDr. Jana P\u00e1len\u00edkov\u00e1, CSc. (Comenius University Bratislava)<\/p>\n<p><strong>International advisory board:\u00a0<\/strong><br \/>\nUniv.-Prof. Mag. Dr. phil. Peter Deutschmann (Universit\u00e4t Salzburg); Prof. Clara Royer, MCF HDR (Universit\u00e9 Paris-Sorbonne); Prof. Dr. Charles D. Sabatos (Yeditepe University, Istambul)<\/p>\n<p>&nbsp;<\/p>\n<p><strong>Department of literary theory:<\/strong><br \/>\nprof. Mgr. Adam B\u017eoch, CSc.; PhDr. Jana Cvikov\u00e1, PhD., Mgr. Judit G\u00f6r\u00f6zdi, PhD.;\u00a0 doc. Mgr. J\u00e1n Jambor PhD.; Mgr. Eva Kenderessy, PhD.; Mgr. Roman Mikul\u00e1\u0161, PhD. (head); Mgr. Bogumila Suwara, PhD.; Mgr. Igor Ty\u0161\u0161, PhD.; Mgr. J\u00e1n \u017div\u010d\u00e1k, PhD.<\/p>\n<p><strong>Department of comparative literary studies:<\/strong><br \/>\nMarianna Deganutti, PhD.; doc. Mgr. R\u00f3bert G\u00e1frik, PhD.; Johannes D. Kaminski, PhD;\u00a0 Eugenia Kelbert Rudan, PhD.; Lucija Mandi\u0107, mag. prim. knji\u017e. in mag. slov.; Dr. Dobrota Pucherov\u00e1, D.Phil. (head)<\/p>\n<p><strong>Department of translation studies:<\/strong><br \/>\nprof. PhDr. Katar\u00edna Bedn\u00e1rov\u00e1, CSc.;\u00a0prof. PhDr. M\u00e1ria Kus\u00e1, CSc. (head); Mgr. Silvia Ryb\u00e1rov\u00e1, PhD.; doc. PhDr. Jana Truhl\u00e1\u0159ov\u00e1, CSc.<\/p>\n<p><strong>Editorial section:<\/strong><br \/>\nPhDr. Jana Cvikov\u00e1, PhD. (head and chief editor of magazine World Literatury Studies); Mgr. Eva Kenderessy, PhD.; Mgr. Peter Zlato\u0161, PhD.<\/p>\n<p><b>Library:<\/b><br \/>\nMonika Bug\u00e1rov\u00e1<\/p>\n<p>&nbsp;<\/p>\n<p>&nbsp;<\/p>\n","protected":false},"excerpt":{"rendered":"<p>Director: doc. Mgr. R\u00f3bert G\u00e1frik, PhD.\u00a0 \u00a0tel.: 00421 2 5443 1995\u00a0\/ e-mail: robert.gafrik@savba.sk Deputy director: Mgr. Roman Mikul\u00e1\u0161, PhD.\u00a0 \u00a0tel.: 00421 2 5443 1995\u00a0\/ e-mail: roman.mikulas@savba.sk Institute secretary: Mgr. Silvia Ryb\u00e1rov\u00e1, PhD.\u00a0 e-mail: silvia.rybarova@savba.sk Office assistant: Mgr. Ingrid Synakov\u00e1 tel.: 00421 2 5443 1995\u00a0\/ e-mail: usvlisyn@savba.sk &nbsp; Management board: PhDr. Jana Cvikov\u00e1, PhD.; doc. Mgr. &hellip; <a href=\"https:\/\/usvl.sav.sk\/wp\/?page_id=28\" class=\"more-link\">Pokra\u010dova\u0165 na <span class=\"screen-reader-text\">Structure of Institute<\/span> <span class=\"meta-nav\">&rarr;<\/span><\/a><\/p>\n","protected":false},"author":1,"featured_media":0,"parent":0,"menu_order":0,"comment_status":"closed","ping_status":"open","template":"","meta":{"footnotes":""},"class_list":["post-353","page","type-page","status-publish","hentry"],"_links":{"self":[{"href":"https:\/\/usvl.sav.sk\/wp\/index.php?rest_route=\/wp\/v2\/pages\/353","targetHints":{"allow":["GET"]}}],"collection":[{"href":"https:\/\/usvl.sav.sk\/wp\/index.php?rest_route=\/wp\/v2\/pages"}],"about":[{"href":"https:\/\/usvl.sav.sk\/wp\/index.php?rest_route=\/wp\/v2\/types\/page"}],"author":[{"embeddable":true,"href":"https:\/\/usvl.sav.sk\/wp\/index.php?rest_route=\/wp\/v2\/users\/1"}],"replies":[{"embeddable":true,"href":"https:\/\/usvl.sav.sk\/wp\/index.php?rest_route=%2Fwp%2Fv2%2Fcomments&post=353"}],"version-history":[{"count":38,"href":"https:\/\/usvl.sav.sk\/wp\/index.php?rest_route=\/wp\/v2\/pages\/353\/revisions"}],"predecessor-version":[{"id":10873,"href":"https:\/\/usvl.sav.sk\/wp\/index.php?rest_route=\/wp\/v2\/pages\/353\/revisions\/10873"}],"wp:attachment":[{"href":"https:\/\/usvl.sav.sk\/wp\/index.php?rest_route=%2Fwp%2Fv2%2Fmedia&parent=353"}],"curies":[{"name":"wp","href":"https:\/\/api.w.org\/{rel}","templated":true}]}}