{"id":340,"date":"2015-05-18T12:15:25","date_gmt":"2015-05-18T12:15:25","guid":{"rendered":"http:\/\/usvl.sav.sk\/wp\/?page_id=340"},"modified":"2020-01-27T22:44:04","modified_gmt":"2020-01-27T22:44:04","slug":"library","status":"publish","type":"page","link":"https:\/\/usvl.sav.sk\/wp\/?page_id=39","title":{"rendered":"Library"},"content":{"rendered":"<p>The joint library of the Institute of World Literature, SAS, and the Institute of Slovak Literature, SAS, contains over 58 000 book and journal volumes. Books from the reference library and journals can be consulted only on site. The library publishes a\u00a0regular quarterly newsletter on recent acquisitions in the areas of both scholarly and creative literature.<\/p>\n<p><a href=\" http:\/\/www.library.sk\/arl-sav\/sk\/index\/?ok=Ulo%C5%BEi%C5%A5&amp;src=sav_un_cat&amp;ictx=sav\">online\u00a0catalogue<\/a><\/p>\n<p><strong>Opening hours:<\/strong> Monday \u2013 Friday 9.00 a.m. \u2013 3.30 p.m.<\/p>\n<p><strong>Services:<\/strong> \u2013 lending \u2013 information and consulting \u2013 reprographic services<\/p>\n<p><strong>Address:<\/strong><br \/>\nD\u00fabravsk\u00e1 cesta 9<br \/>\n841 04 Bratislava<\/p>\n<p><strong>Contact:<\/strong><br \/>\nHead of the library:<br \/>\nO\u013ega Ol\u0161inov\u00e1 (olga.olsinova@savba.sk)<\/p>\n<p>Librarians:<br \/>\nMonika Bug\u00e1rov\u00e1 (monika.bugarova@savba.sk)<br \/>\nRen\u00e1ta Aksam\u00edtov\u00e1 (renata.aksamitova@savba.sk)<\/p>\n","protected":false},"excerpt":{"rendered":"<p>The joint library of the Institute of World Literature, SAS, and the Institute of Slovak Literature, SAS, contains over 58 000 book and journal volumes. Books from the reference library and journals can be consulted only on site. The library publishes a\u00a0regular quarterly newsletter on recent acquisitions in the areas of both scholarly and creative &hellip; <a href=\"https:\/\/usvl.sav.sk\/wp\/?page_id=39\" class=\"more-link\">Pokra\u010dova\u0165 na <span class=\"screen-reader-text\">Library<\/span> <span class=\"meta-nav\">&rarr;<\/span><\/a><\/p>\n","protected":false},"author":1,"featured_media":0,"parent":0,"menu_order":0,"comment_status":"closed","ping_status":"open","template":"","meta":{"footnotes":""},"class_list":["post-340","page","type-page","status-publish","hentry"],"_links":{"self":[{"href":"https:\/\/usvl.sav.sk\/wp\/index.php?rest_route=\/wp\/v2\/pages\/340","targetHints":{"allow":["GET"]}}],"collection":[{"href":"https:\/\/usvl.sav.sk\/wp\/index.php?rest_route=\/wp\/v2\/pages"}],"about":[{"href":"https:\/\/usvl.sav.sk\/wp\/index.php?rest_route=\/wp\/v2\/types\/page"}],"author":[{"embeddable":true,"href":"https:\/\/usvl.sav.sk\/wp\/index.php?rest_route=\/wp\/v2\/users\/1"}],"replies":[{"embeddable":true,"href":"https:\/\/usvl.sav.sk\/wp\/index.php?rest_route=%2Fwp%2Fv2%2Fcomments&post=340"}],"version-history":[{"count":6,"href":"https:\/\/usvl.sav.sk\/wp\/index.php?rest_route=\/wp\/v2\/pages\/340\/revisions"}],"predecessor-version":[{"id":2640,"href":"https:\/\/usvl.sav.sk\/wp\/index.php?rest_route=\/wp\/v2\/pages\/340\/revisions\/2640"}],"wp:attachment":[{"href":"https:\/\/usvl.sav.sk\/wp\/index.php?rest_route=%2Fwp%2Fv2%2Fmedia&parent=340"}],"curies":[{"name":"wp","href":"https:\/\/api.w.org\/{rel}","templated":true}]}}