{"id":6772,"date":"2022-08-12T10:00:09","date_gmt":"2022-08-12T10:00:09","guid":{"rendered":"https:\/\/usvl.sav.sk\/wp\/?page_id=6772"},"modified":"2026-04-12T22:49:28","modified_gmt":"2026-04-12T22:49:28","slug":"sucasne-doktorandstvo","status":"publish","type":"page","link":"https:\/\/usvl.sav.sk\/wp\/?page_id=6772","title":{"rendered":"T\u00e9my, doktorandky a doktorandi"},"content":{"rendered":"<p><a href=\"https:\/\/usvl.sav.sk\/wp\/wp-content\/uploads\/Vyskumne-zameranie-tem-dizertacnych-prac-na-nasledujuci-akademicky-rok.pdf\">V\u00fdskumn\u00e9 zameranie t\u00e9m dizerta\u010dn\u00fdch pr\u00e1c na nasleduj\u00faci akademick\u00fd rok\u00a0<\/a><\/p>\n<p><strong><span style=\"color: #33cccc;\">Na \u00dastave svetovej literat\u00fary SAV, v. v. i., aktu\u00e1lne absolvuj\u00fa doktorandsk\u00e9 \u0161t\u00fadium<\/span><\/strong><\/p>\n<ul>\n<li>Mgr. Karol\u00edna Albertov\u00e1: Postkoloni\u00e1lna a postkomunistick\u00e1 (\u017eensk\u00e1) migrantsk\u00e1 sk\u00fasenos\u0165 v s\u00fa\u010dasnej britskej literat\u00fare. \u0160kolite\u013eka: Dobrota Pucherov\u00e1, D.Phil.<\/li>\n<li>Mgr. D\u00e1vid Halada: Hororov\u00e1 a dystopick\u00e1 literat\u00fara v anglickom jazyku.<br \/>\n\u0160kolite\u013e Johannes D. Kaminski, D.Phil.<\/li>\n<li>Mgr. Alena Kyselicov\u00e1 (Ru\u017ebask\u00e1): \u0160pecifik\u00e1 v\u00fdvoja mal\u00fdch \u017e\u00e1nrov v ruskej pr\u00f3ze 20. rokov 20. storo\u010dia. \u0160kolite\u013e prof. Adam B\u017eoch, CSc.<\/li>\n<li>Mgr. Adam \u0160krovan:\u00a0Bioetika a biopolitika ako s\u00fa\u010das\u0165 interpreta\u010dnej platformy posthumanizmu.\u00a0\u0160kolite\u013eka PhDr. Bogumila Suwara, CSc.<\/li>\n<li>Mgr. Nat\u00e1lia Ty\u0161\u0161 Rondzikov\u00e1:\u00a0 Preklad rusk\u00fdch spolo\u010denskovedn\u00fdch textov v slovenskom kult\u00farnom priestore. Geopolitick\u00e9 a historick\u00e9 s\u00faradnice. \u0160kolite\u013eka prof. PhDr. M\u00e1ria Kus\u00e1, CSc. (MD, RD)<\/li>\n<li>Mgr. Martina Vladovi\u010dov\u00e1: Texty osvietensk\u00fdch myslite\u013eov v slovensk\u00fdch prekladoch. \u0160kolite\u013eka: prof. PhDr. Katar\u00edna Bedn\u00e1rov\u00e1, CSc.<\/li>\n<li>Mgr. Ema \u017dugecov\u00e1: Slovensk\u00e9, rusk\u00e9 a ukrajinsk\u00e9 \u013eudov\u00e9 rozpr\u00e1vky v zrkadle Proppovej Morfol\u00f3gie rozpr\u00e1vok: Kompar\u00e1cia rozpr\u00e1vkov\u00fdch narat\u00edvnych \u0161trukt\u00far.<br \/>\n\u0160kolite\u013eka prof. M\u00e1ria Kus\u00e1, CSc.<\/li>\n<\/ul>\n<div class=\"akademia-sub-page-content\">\n<div class=\"user-profile\"><\/div>\n<\/div>\n","protected":false},"excerpt":{"rendered":"<p>V\u00fdskumn\u00e9 zameranie t\u00e9m dizerta\u010dn\u00fdch pr\u00e1c na nasleduj\u00faci akademick\u00fd rok\u00a0 Na \u00dastave svetovej literat\u00fary SAV, v. v. i., aktu\u00e1lne absolvuj\u00fa doktorandsk\u00e9 \u0161t\u00fadium Mgr. Karol\u00edna Albertov\u00e1: Postkoloni\u00e1lna a postkomunistick\u00e1 (\u017eensk\u00e1) migrantsk\u00e1 sk\u00fasenos\u0165 v s\u00fa\u010dasnej britskej literat\u00fare. \u0160kolite\u013eka: Dobrota Pucherov\u00e1, D.Phil. Mgr. D\u00e1vid Halada: Hororov\u00e1 a dystopick\u00e1 literat\u00fara v anglickom jazyku. \u0160kolite\u013e Johannes D. Kaminski, D.Phil. Mgr. Alena &hellip; <a href=\"https:\/\/usvl.sav.sk\/wp\/?page_id=6772\" class=\"more-link\">Pokra\u010dova\u0165 na <span class=\"screen-reader-text\">T\u00e9my, doktorandky a doktorandi<\/span> <span class=\"meta-nav\">&rarr;<\/span><\/a><\/p>\n","protected":false},"author":1,"featured_media":0,"parent":235,"menu_order":2,"comment_status":"closed","ping_status":"closed","template":"","meta":{"footnotes":""},"class_list":["post-6772","page","type-page","status-publish","hentry"],"_links":{"self":[{"href":"https:\/\/usvl.sav.sk\/wp\/index.php?rest_route=\/wp\/v2\/pages\/6772","targetHints":{"allow":["GET"]}}],"collection":[{"href":"https:\/\/usvl.sav.sk\/wp\/index.php?rest_route=\/wp\/v2\/pages"}],"about":[{"href":"https:\/\/usvl.sav.sk\/wp\/index.php?rest_route=\/wp\/v2\/types\/page"}],"author":[{"embeddable":true,"href":"https:\/\/usvl.sav.sk\/wp\/index.php?rest_route=\/wp\/v2\/users\/1"}],"replies":[{"embeddable":true,"href":"https:\/\/usvl.sav.sk\/wp\/index.php?rest_route=%2Fwp%2Fv2%2Fcomments&post=6772"}],"version-history":[{"count":24,"href":"https:\/\/usvl.sav.sk\/wp\/index.php?rest_route=\/wp\/v2\/pages\/6772\/revisions"}],"predecessor-version":[{"id":11150,"href":"https:\/\/usvl.sav.sk\/wp\/index.php?rest_route=\/wp\/v2\/pages\/6772\/revisions\/11150"}],"up":[{"embeddable":true,"href":"https:\/\/usvl.sav.sk\/wp\/index.php?rest_route=\/wp\/v2\/pages\/235"}],"wp:attachment":[{"href":"https:\/\/usvl.sav.sk\/wp\/index.php?rest_route=%2Fwp%2Fv2%2Fmedia&parent=6772"}],"curies":[{"name":"wp","href":"https:\/\/api.w.org\/{rel}","templated":true}]}}