{"id":6,"date":"2014-10-22T13:30:42","date_gmt":"2014-10-22T13:30:42","guid":{"rendered":"http:\/\/usvl.sav.sk\/wp\/?page_id=6"},"modified":"2024-02-16T22:32:10","modified_gmt":"2024-02-16T22:32:10","slug":"uvod","status":"publish","type":"page","link":"https:\/\/usvl.sav.sk\/wp\/?page_id=6","title":{"rendered":"Hist\u00f3ria"},"content":{"rendered":"<p>\u00dastav svetovej literat\u00fary SAV vznikol v dne\u0161nej podobe roku 1991. V roku 2022 sa \u00fastav stal v r\u00e1mci transform\u00e1cie SAV verejnou v\u00fdskumnou in\u0161tit\u00faciou \u2013 od 1. 1. 2022 je jeho ofici\u00e1lny n\u00e1zov \u00dastav svetovej literat\u00fary SAV, v. v. i.<\/p>\n<p>Na riadite\u013eskom poste \u00fastavu p\u00f4sobili v\u00fdznamn\u00e9 osobnosti slovenskej liter\u00e1rnej vedy: Mikul\u00e1\u0161 Bako\u0161 (1964 \u2013 1972), Dion\u00fdz \u010euri\u0161in (1991), Du\u0161an Slobodn\u00edk (1991 \u2013 1992), J\u00e1n Ko\u0161ka (1992 \u2013 2006), Adam B\u017eoch (2007 \u2013 2019), Judit G\u00f6r\u00f6zdi (2019 \u2013 2023). V s\u00fa\u010dasnosti je riadite\u013eom \u00fastavu R\u00f3bert G\u00e1frik.<\/p>\n<p>\u00dastav sa pova\u017euje za pokra\u010dovate\u013ea \u00dastavu svetovej literat\u00fary a jazykov SAV (1964 \u2013 1973), ktor\u00e9ho zakladate\u013eom a prv\u00fdm riadite\u013eom bol v\u00fdznamn\u00fd liter\u00e1rny vedec Mikul\u00e1\u0161 Bako\u0161. Zalo\u017eeniu tohto \u00fastavu v 60. rokoch predch\u00e1dzal zakladate\u013esk\u00fd po\u010din Mikul\u00e1\u0161a Bako\u0161a z roku 1943, ke\u010f v r\u00e1mci novozalo\u017eenej Slovenskej akad\u00e9mie vied a umen\u00ed inicioval aj liter\u00e1rnovedn\u00e9 sk\u00famanie. V 50. rokoch sa v\u00fdskum svetovej literat\u00fary dostal do \u00fazadia, samostatn\u00fd \u00dastav svetovej literat\u00fary a jazykov vznikol a\u017e v d\u00f4sledku liberaliz\u00e1cie v prvej polovici 60. rokov a v\u010faka osobnostn\u00fdm kvalit\u00e1m zakladate\u013ea, ktor\u00fd sa v\u017edy prejavoval nielen ako v\u00fdrazn\u00e1 vedeck\u00e1, ale aj organiza\u010dn\u00e1 osobnos\u0165. Aj prepojenie sk\u00famania literat\u00far a jazykov v \u00fastave odr\u00e1\u017ealo bako\u0161ovsk\u00e9 vn\u00edmanie vedeckej pr\u00e1ce v tejto oblasti. V obdob\u00ed normaliz\u00e1cie do\u0161lo po Bako\u0161ovej smrti (1972) k drastick\u00fdm intervenci\u00e1m do pr\u00e1ce \u00fastavu v podobe previerok.<\/p>\n<p>V 70. rokoch vznikol spojen\u00edm slovakistick\u00e9ho a svetovistick\u00e9ho liter\u00e1rnovedn\u00e9ho v\u00fdskumu Liter\u00e1rnovedn\u00fd \u00fastav SAV, v ktorom sa svetov\u00e1 literat\u00fara dostala do \u00fazadia. Rozdelen\u00edm tohto \u00fastavu v roku 1991 na dve samostatn\u00e9 in\u0161tit\u00facie napokon vznikol dne\u0161n\u00fd \u00dastav svetovej literat\u00fary SAV. \u00a0P\u00f4sobili v \u0148om v\u00fdznamn\u00e9 osobnosti vedeck\u00e9ho a kult\u00farneho \u017eivota ako Jozef Felix, Dion\u00fdz \u010euri\u0161in, Pavol Winczer, Nora Krausov\u00e1, So\u0148a Les\u0148\u00e1kov\u00e1, J\u00e1n Jankovi\u010d, Milan \u017ditn\u00fd, Ladislav Franek \u010di Libu\u0161a Vajdov\u00e1.<\/p>\n<p>&nbsp;<\/p>\n","protected":false},"excerpt":{"rendered":"<p>\u00dastav svetovej literat\u00fary SAV vznikol v dne\u0161nej podobe roku 1991. V roku 2022 sa \u00fastav stal v r\u00e1mci transform\u00e1cie SAV verejnou v\u00fdskumnou in\u0161tit\u00faciou \u2013 od 1. 1. 2022 je jeho ofici\u00e1lny n\u00e1zov \u00dastav svetovej literat\u00fary SAV, v. v. i. Na riadite\u013eskom poste \u00fastavu p\u00f4sobili v\u00fdznamn\u00e9 osobnosti slovenskej liter\u00e1rnej vedy: Mikul\u00e1\u0161 Bako\u0161 (1964 \u2013 1972), Dion\u00fdz &hellip; <a href=\"https:\/\/usvl.sav.sk\/wp\/?page_id=6\" class=\"more-link\">Pokra\u010dova\u0165 na <span class=\"screen-reader-text\">Hist\u00f3ria<\/span> <span class=\"meta-nav\">&rarr;<\/span><\/a><\/p>\n","protected":false},"author":1,"featured_media":0,"parent":0,"menu_order":0,"comment_status":"closed","ping_status":"open","template":"","meta":{"footnotes":""},"class_list":["post-6","page","type-page","status-publish","hentry"],"_links":{"self":[{"href":"https:\/\/usvl.sav.sk\/wp\/index.php?rest_route=\/wp\/v2\/pages\/6","targetHints":{"allow":["GET"]}}],"collection":[{"href":"https:\/\/usvl.sav.sk\/wp\/index.php?rest_route=\/wp\/v2\/pages"}],"about":[{"href":"https:\/\/usvl.sav.sk\/wp\/index.php?rest_route=\/wp\/v2\/types\/page"}],"author":[{"embeddable":true,"href":"https:\/\/usvl.sav.sk\/wp\/index.php?rest_route=\/wp\/v2\/users\/1"}],"replies":[{"embeddable":true,"href":"https:\/\/usvl.sav.sk\/wp\/index.php?rest_route=%2Fwp%2Fv2%2Fcomments&post=6"}],"version-history":[{"count":20,"href":"https:\/\/usvl.sav.sk\/wp\/index.php?rest_route=\/wp\/v2\/pages\/6\/revisions"}],"predecessor-version":[{"id":7775,"href":"https:\/\/usvl.sav.sk\/wp\/index.php?rest_route=\/wp\/v2\/pages\/6\/revisions\/7775"}],"wp:attachment":[{"href":"https:\/\/usvl.sav.sk\/wp\/index.php?rest_route=%2Fwp%2Fv2%2Fmedia&parent=6"}],"curies":[{"name":"wp","href":"https:\/\/api.w.org\/{rel}","templated":true}]}}