{"id":44,"date":"2021-12-26T21:51:28","date_gmt":"2021-12-26T21:51:28","guid":{"rendered":"http:\/\/usvl.sav.sk\/wp\/?page_id=44"},"modified":"2026-01-27T10:37:13","modified_gmt":"2026-01-27T10:37:13","slug":"dokumenty","status":"publish","type":"page","link":"https:\/\/usvl.sav.sk\/wp\/?page_id=44","title":{"rendered":"Dokumenty"},"content":{"rendered":"<h3><a href=\"https:\/\/usvl.sav.sk\/wp\/wp-content\/uploads\/Zakladacia-listina_\u00dastav-svetovej-literat\u00fary-SAV-v.-v.-i._2021.pdf\" rel=\"\">Zakladacia listina<\/a><\/h3>\n<h3><a href=\"https:\/\/usvl.sav.sk\/wp\/wp-content\/uploads\/Eticky_kodex_SAV_2015_navrh_zmien_z_juna_2018.pdf\" rel=\"\">Etick\u00fd k\u00f3dex SAV<\/a><\/h3>\n<h3><a href=\"https:\/\/usvl.sav.sk\/wp\/wp-content\/uploads\/Plan-rodovej-rovnosti-2025-2029-Ustavu-svetovej-literatury-SAV-v.-v.-v.pdf\">Pl\u00e1n rodovej rovnosti 2025\u20132029 \u00daSvL SAV, v. v. i.<\/a><\/h3>\n<h3><a href=\"https:\/\/usvl.sav.sk\/wp\/wp-content\/uploads\/GDPR_Privacy_notice_webstranka_USvLSAV.pdf\" rel=\"\">Ochrana osobn\u00fdch \u00fadajov\u00a0<\/a><\/h3>\n<h3><a href=\"https:\/\/www.crz.gov.sk\/2171273-sk\/centralny-register-zmluv\/?art_zs1=%C3%9Astav+svetovej+literat%C3%BAry&amp;art_rezort=363849&amp;page=0&amp;csrt=2426367066377034425&amp;undefined=undefined\">Zverej\u0148ovanie dokladov<\/a><\/h3>\n<h3>Ozn\u00e1menia<\/h3>\n<p><strong>Ozn\u00e1menie<\/strong> (zo d\u0148a 21. 1. 2026) Spr\u00e1vnej rady \u00dastavu svetovej literat\u00fary SAV, v. v. i., o konan\u00ed vo\u013eby na funkciu \u010dlenov\/\u010dleniek Vedeckej rady \u00dastavu svetovej literat\u00fary SAV, v. v. i.,\u00a0 v stredu 25. febru\u00e1ra 2026 o 10.00 h. Cel\u00e9 znenie <a href=\"https:\/\/usvl.sav.sk\/wp\/wp-content\/uploads\/oznamenie-o-volbe-do-VR_25_2_2026.pdf\">TU<\/a>.<\/p>\n<p><strong>Ozn\u00e1menie<\/strong> (zo d\u0148a 25. 10. 2024) Vedeckej rady \u00dastavu svetovej literat\u00fary SAV, v. v. i., o konan\u00ed vo\u013eby nov\u00e9ho \u010dlena\/novej \u010dlenky Spr\u00e1vnej rady \u00dastavu svetovej literat\u00fary SAV, v. v. i. , v stredu 13. novembra 2024 o 14.30 h. Cel\u00e9 znenie <a href=\"https:\/\/usvl.sav.sk\/wp\/wp-content\/uploads\/Oznamenie-Vedeckej-rady-Ustavu-svetovej-literatury.pdf\">TU<\/a>.<\/p>\n<p><strong>Ozn\u00e1menie <\/strong>(zo d\u0148a 12. 10 2024) Spr\u00e1vnej rady \u00dastavu svetovej literat\u00fary SAV, v. v. i., o konan\u00ed vo\u013eby na funkciu \u010dlenov\/\u010dleniek Vedeckej rady \u00dastavu svetovej literat\u00fary SAV, v. v. i.,\u00a0 v stredu 13. novembra 2024 o 14:00. Cel\u00e9 znenie <a href=\"https:\/\/usvl.sav.sk\/wp\/?attachment_id=8800\" rel=\"attachment wp-att-8800\">TU<\/a>.<\/p>\n<ul>\n<li>Predstava o p\u00f4soben\u00ed v Spr\u00e1vnej rade \u00dastavu svetovej literat\u00fary SAV, v. v. i. &#8211; <a href=\"https:\/\/usvl.sav.sk\/wp\/?attachment_id=9048\" rel=\"attachment wp-att-9048\">Silvia Ryb\u00e1rov\u00e1<\/a><\/li>\n<\/ul>\n<p><strong>Ozn\u00e1menie <\/strong>(zo d\u0148a 21. 9. 2023) V utorok 3. 10. 2023\u00a0 o 10. hod. sa v zasada\u010dke \u00fastavu bude kona\u0165 stretnutie v\u0161etk\u00fdch zamestnank\u00fd\u0148 a zamestnancov na z\u00e1klade <em>Pravidiel v\u00fdberov\u00e9ho konania na obsadzovanie miesta riadite\u013ea verejnej v\u00fdskumnej in\u0161tit\u00facie zalo\u017eenej Slovenskou akad\u00e9miou vied<\/em> v znen\u00ed pr\u00edslu\u0161n\u00fdch dodatkov, \u010dl\u00e1nok III, odsek d), a e), a z\u00e1klade uznesenia P SAV o vyp\u00edsan\u00ed v\u00fdberov\u00e9ho konania na miesto riadite\u013ea \u00daSvL SAV, v. v. i. Na stretnut\u00ed kandid\u00e1t na riadite\u013esk\u00fd post predstav\u00ed svoj n\u00e1vrh koncepcie a riadenia organiz\u00e1cie. Po predstaven\u00ed prebehne tajn\u00e9 hlasovanie; opr\u00e1vnenie hlasova\u0165 maj\u00fa na z\u00e1klade \u00a723, ods. 2, ktor\u00fd odkazuje \u010falej na \u00a7 1 ods. 4 z\u00e1kona o v. v. i., zamestnanci a zamestnankyne pod\u013ea uverejnen\u00e9ho zoznamu <a href=\"https:\/\/usvl.sav.sk\/wp\/wp-content\/uploads\/Akademicka-obec-USvL-SAVv.v.i.-2023-september.docx\">Akademick\u00e1-obec-vo\u013eba riadite\u013ea<\/a>.<\/p>\n<p><strong>Ozn\u00e1menie <\/strong>Predseda Slovenskej akad\u00e9mie vied vyhlasuje v\u00fdberov\u00e9 konanie na obsadenie funkcie riadite\u013ea\/riadite\u013eky organiz\u00e1cie: \u00dastav svetovej literat\u00fary SAV, verejn\u00e1 v\u00fdskumn\u00e1 in\u0161tit\u00facia, s\u00eddlo: D\u00fabravsk\u00e1 cesta 9, 841 04 Bratislava. Cel\u00e9 znenie <a href=\"https:\/\/usvl.sav.sk\/wp\/wp-content\/uploads\/Inzercia_web_jun_2023-SvetL.pdf\" target=\"_blank\" rel=\"noopener\">TU<\/a>.<\/p>\n<p><strong>Ozn\u00e1menie<\/strong> Spr\u00e1vnej rady \u00dastavu svetovej literat\u00fary SAV, v. v. i., o konan\u00ed vo\u013eby ext. \u010dlena\/\u010dlenky Vedeckej rady \u00dastavu svetovej literat\u00fary SAV, v. v. i., zo d\u0148a 24. 3. 2022<\/p>\n<ul>\n<li>Ozn\u00e1menie o konan\u00ed vo\u013eby na funkciu extern\u00e9ho \u010dlena\/\u010dlenky Vedeckej rady \u00dastavu svetovej literat\u00fary SAV, v. v. i.\u00a0d\u0148a 27. 4. o 10.00 v zasadacej miestnosti \u00fastavu. Cel\u00e9 znenie\u00a0<a href=\"https:\/\/usvl.sav.sk\/wp\/wp-content\/uploads\/vyhlasenie-volby-do-VR-marec-2022.pdf\" rel=\"\">TU<\/a>.\u00a0 <a href=\"https:\/\/usvl.sav.sk\/wp\/wp-content\/uploads\/Akademick\u00e1-obec-\u00daSvL-SAVv.v.i.-2022-apr\u00edl.docx\" rel=\"\">Zoznam \u010dlenstva akademickej obce \u00daSvL SAV, v. v. i. &#8211; apr\u00edl 2022<\/a>.<\/li>\n<\/ul>\n<hr \/>\n<p><a href=\"https:\/\/usvl.sav.sk\/wp\/wp-content\/uploads\/Ozn\u00e1menie-vedeckej-rady-o-vo\u013eb\u00e1ch-do-spr\u00e1vnej-rady_final.pdf\"><strong>Ozn\u00e1menie<\/strong> Vedeckej rady \u00dastavu svetovej literat\u00fary SAV o konan\u00ed vo\u013eby \u010dlenov Spr\u00e1vnej rady \u00dastavu svetovej literat\u00fary SAV, v. v. i.<\/a><\/p>\n<ul>\n<li>Predstava o p\u00f4soben\u00ed v Spr\u00e1vnej rade \u00dastavu svetovej literat\u00fary SAV, v. v. i. &#8211;\u00a0<a href=\"https:\/\/usvl.sav.sk\/wp\/wp-content\/uploads\/predstava-o-posobeni-v-Spravnej-rade_cvikova.pdf\" rel=\"\">Jana Cvikov\u00e1<\/a>,\u00a0<a href=\"https:\/\/usvl.sav.sk\/wp\/wp-content\/uploads\/g\u00e1frik_predstava-o-posobeni-v-spravnej-rade.pdf\" rel=\"\">R\u00f3bert G\u00e1frik<\/a>,\u00a0<a href=\"https:\/\/usvl.sav.sk\/wp\/wp-content\/uploads\/Predstava-o-p\u00f4soben\u00ed-v-Spr\u00e1vnej-rade_Mikul\u00e1\u0161_2022.pdf\" rel=\"\">Roman Mikul\u00e1\u0161<\/a>,\u00a0<a href=\"https:\/\/usvl.sav.sk\/wp\/wp-content\/uploads\/predstava-o-posobeni-v-Spravnej-rade_Tyss.pdf\" rel=\"\">Igor Ty\u0161\u0161<\/a><\/li>\n<\/ul>\n<hr \/>\n<p><strong>Verejn\u00e9 obstar\u00e1vanie:<\/strong> Z\u00e1kazka s n\u00edzkou hodnotou pod\u013ea ustanoven\u00ed \u00a7117 z\u00e1kona \u010d. 343\/2015 Z. z. o verejnom obstar\u00e1van\u00ed a o zmene a doplnen\u00ed niektor\u00fdch z\u00e1konov (\u010falej len \u201ez\u00e1kon o verejnom obstar\u00e1van\u00ed\u201c alebo \u201cZVO\u201d). PREDMET OBSTAR\u00c1VANIA: Poskytnutie slu\u017eby<\/p>\n<p><a href=\"https:\/\/usvl.sav.sk\/wp\/wp-content\/uploads\/2021-%C3%9ASvL-SAV-webov%C3%A9-s%C3%ADdlo-vyzva-verejneho-obstaravania.pdf\">V\u00fdvoj webov\u00e9ho s\u00eddla a s\u00favisiaceho softv\u00e9ru pre publikovanie a spr\u00e1vu elektronick\u00e9ho lexik\u00f3nu.<\/a><\/p>\n<h3>Spr\u00e1vy<\/h3>\n<div>\n<ul>\n<li><a href=\"https:\/\/usvl.sav.sk\/wp\/wp-content\/uploads\/USvL_SAV_Annual_Report_2024-1.pdf\">V\u00fdro\u010dn\u00e1 spr\u00e1va \u00daSvL SAV, v. v. i.,\u00a0 o \u010dinnosti a hospod\u00e1ren\u00ed za rok 2024<\/a><\/li>\n<li><a href=\"https:\/\/usvl.sav.sk\/wp\/wp-content\/uploads\/USvL_SAV_Annual_Report_2023.pdf\">V\u00fdro\u010dn\u00e1 spr\u00e1va \u00daSvL SAV, v. v. i., o \u010dinnosti a hospod\u00e1ren\u00ed za rok 2023<\/a><\/li>\n<li><a href=\"https:\/\/usvl.sav.sk\/wp\/wp-content\/uploads\/Vyrocna-sprava-USvL-SAV-v.-v.-i.-za-2022_web.pdf\">V\u00fdro\u010dn\u00e1 spr\u00e1va \u00daSvL SAV, v. v. i., o hospod\u00e1ren\u00ed za rok 2022<\/a><\/li>\n<li><a href=\"https:\/\/usvl.sav.sk\/wp\/wp-content\/uploads\/USvLSAV_Annual_Report_2022.pdf\">Spr\u00e1va o \u010dinnosti za rok 2022<\/a><\/li>\n<li><a href=\"https:\/\/usvl.sav.sk\/wp\/wp-content\/uploads\/3OV_USvL_SAV_Annual_Report_2021.pdf\" rel=\"\">Spr\u00e1va o \u010dinnosti za rok 2021<\/a><\/li>\n<li><a href=\"https:\/\/usvl.sav.sk\/wp\/wp-content\/uploads\/3OV_USvL_SAV_Annual_Report_2020.pdf\" target=\"_blank\" rel=\"noopener\">Spr\u00e1va o \u010dinnosti za rok 2020<\/a><\/li>\n<li><a href=\"https:\/\/usvl.sav.sk\/wp\/wp-content\/uploads\/USvL_SAV_Annual_Report_2019.pdf\" target=\"_blank\" rel=\"noopener\">Spr\u00e1va o \u010dinnosti za rok 2019<\/a><\/li>\n<li><a href=\"https:\/\/usvl.sav.sk\/wp\/wp-content\/uploads\/USvLSAV_Annual_Report_2018.pdf\" rel=\"\">Spr\u00e1va o \u010dinnosti za rok 2018<\/a><\/li>\n<li><a href=\"https:\/\/usvl.sav.sk\/wp\/wp-content\/uploads\/USvLSAV_Annual_Report_2017.pdf\" rel=\"\">Spr\u00e1va o \u010dinnosti za rok 2017<\/a><\/li>\n<li><a href=\"https:\/\/usvl.sav.sk\/wp\/wp-content\/uploads\/USvLSAV_Annual_Report_2016.pdf\" rel=\"\">Spr\u00e1va o \u010dinnosti za rok 2016<\/a><\/li>\n<li><a title=\"Spr\u00e1va o \u010dinnosti za rok 2015\" href=\"https:\/\/usvl.sav.sk\/wp\/wp-content\/uploads\/Sprava2015.pdf\" target=\"_blank\" rel=\"noopener\">Spr\u00e1va o \u010dinnosti za rok 2015<\/a><\/li>\n<li><a title=\"Spr\u00e1va o \u010dinnosti za rok 2014\" href=\"https:\/\/usvl.sav.sk\/wp\/wp-content\/uploads\/docs\/sprava_2014.pdf\" target=\"_blank\" rel=\"noopener\">Spr\u00e1va o \u010dinnosti za rok 2014<\/a><\/li>\n<li><a href=\"https:\/\/usvl.sav.sk\/upload\/docs\/Sprava2013.pdf\" target=\"_blank\" rel=\"noopener\">Spr\u00e1va o \u010dinnosti za rok 2013<\/a><\/li>\n<li><a href=\"https:\/\/usvl.sav.sk\/upload\/docs\/Sprava2012.pdf\" target=\"_blank\" rel=\"noopener\">Spr\u00e1va o \u010dinnosti za rok 2012<\/a><\/li>\n<li><a href=\"https:\/\/usvl.sav.sk\/upload\/docs\/sprava2011.pdf\" target=\"_blank\" rel=\"noopener\">Spr\u00e1va o \u010dinnosti za rok 2011<\/a><\/li>\n<li><a href=\"https:\/\/usvl.sav.sk\/upload\/docs\/Sprava2010.pdf\" target=\"_blank\" rel=\"noopener\">Spr\u00e1va o \u010dinnosti za rok 2010<\/a><\/li>\n<li><a href=\"https:\/\/usvl.sav.sk\/upload\/docs\/Sprava2009.pdf\" target=\"_blank\" rel=\"noopener\">Spr\u00e1va o \u010dinnosti za rok 2009<\/a><\/li>\n<li><a href=\"https:\/\/usvl.sav.sk\/upload\/docs\/Sprava2008.pdf\" target=\"_blank\" rel=\"noopener\">Spr\u00e1va o \u010dinnosti za rok 2008<\/a><\/li>\n<li><a href=\"https:\/\/usvl.sav.sk\/upload\/docs\/Sprava2007.pdf\" target=\"_blank\" rel=\"noopener\">Spr\u00e1va o \u010dinnosti za rok 2007<\/a><\/li>\n<li><a href=\"https:\/\/usvl.sav.sk\/upload\/docs\/Sprava2006.pdf\" target=\"_blank\" rel=\"noopener\">Spr\u00e1va o \u010dinnosti za rok 2006<\/a><\/li>\n<li><a href=\"https:\/\/usvl.sav.sk\/upload\/docs\/Sprava2005.pdf\" target=\"_blank\" rel=\"noopener\">Spr\u00e1va o \u010dinnosti za rok 2005<\/a><\/li>\n<li><a href=\"https:\/\/usvl.sav.sk\/upload\/docs\/Sprava2004.pdf\" target=\"_blank\" rel=\"noopener\">Spr\u00e1va o \u010dinnosti za rok 2004<\/a><\/li>\n<li><a href=\"https:\/\/usvl.sav.sk\/upload\/docs\/Sprava2003.pdf\" target=\"_blank\" rel=\"noopener\">Spr\u00e1va o \u010dinnosti za rok 2003<\/a><\/li>\n<\/ul>\n<\/div>\n<h3>Akredita\u010dn\u00e9 dotazn\u00edky<\/h3>\n<ul>\n<li><a href=\"https:\/\/usvl.sav.sk\/wp\/wp-content\/uploads\/USvL_SAV_Accreditation_2022.pdf\" target=\"_blank\" rel=\"noopener\">Akredita\u010dn\u00fd dotazn\u00edk za obdobie od 1. 1. 2016 do 31. 12. 2021<\/a>,\u00a0<a href=\"https:\/\/usvl.sav.sk\/wp\/wp-content\/uploads\/USvL_SAV_Accreditation_2022_Annex1.pdf\" target=\"_blank\" rel=\"noopener\">Pr\u00edloha 1<\/a>,\u00a0<a href=\"https:\/\/usvl.sav.sk\/wp\/wp-content\/uploads\/USvL_SAV_Accreditation_2022_Annex2.pdf\" target=\"_blank\" rel=\"noopener\">Pr\u00edloha 2<\/a><\/li>\n<li><a href=\"https:\/\/usvl.sav.sk\/wp\/wp-content\/uploads\/akredita\u010dn\u00fd-dotazn\u00edk-2015.pdf\" rel=\"\">Akredita\u010dn\u00fd dotazn\u00edk za obdobie od 1. 1. 2012 do 31. 12. 2015<\/a><\/li>\n<li><a href=\"https:\/\/usvl.sav.sk\/upload\/docs\/dotaznik0711.pdf\" target=\"_blank\" rel=\"noopener\">Akredita\u010dn\u00fd dotazn\u00edk za obdobie od 1. 1. 2007 do 31. 12. 2011<\/a><\/li>\n<li><a href=\"https:\/\/usvl.sav.sk\/upload\/docs\/dotazniksk.pdf\" target=\"_blank\" rel=\"noopener\">Akredita\u010dn\u00fd dotazn\u00edk za obdobie od 1. 1. 2004 do 31. 12. 2006<\/a><\/li>\n<li><a href=\"https:\/\/usvl.sav.sk\/upload\/docs\/dotaznik.pdf\" target=\"_blank\" rel=\"noopener\">Akredita\u010dn\u00fd dotazn\u00edk za obdobie od 1. 1. 2000 do 31. 12. 2003<\/a><\/li>\n<\/ul>\n<h3>\u00a0Vn\u00fatorn\u00e9\u00a0predpisy<\/h3>\n<ul>\n<li><a href=\"https:\/\/usvl.sav.sk\/wp\/wp-content\/uploads\/Pracovny-poriadok_USvL-SAVv.v.i._2022_zmena2023-1.pdf\">Pracovn\u00fd poriadok<\/a><\/li>\n<li><a href=\"https:\/\/usvl.sav.sk\/wp\/wp-content\/uploads\/Organiza\u010dn\u00fd-poriadok_USvL-SAV-v.v.i._2022.pdf\" rel=\"\">Organiza\u010dn\u00fd poriadok<\/a><\/li>\n<li><a href=\"https:\/\/usvl.sav.sk\/wp\/wp-content\/uploads\/Volebn\u00fd-a-nomina\u010dn\u00fd-poriadok-na-funkciu-\u010dlena-spr\u00e1vnej-rady-\u00daSvL-SAVv.v.i._2022.pdf\" rel=\"\">Volebn\u00fd a nomina\u010dn\u00fd poriadok na funkciu \u010dlena spr\u00e1vnej rady<\/a><\/li>\n<li><a href=\"https:\/\/usvl.sav.sk\/wp\/wp-content\/uploads\/Volebny-a-nominacny-poriadok-na-funkciu-clena-vedeckej-rady-\u00daSvL-SAVv.v.i._2022.pdf\" rel=\"\">Volebn\u00fd a nomina\u010dn\u00fd poriadok na funkciu \u010dlena vedeckej rady<\/a><\/li>\n<li><a href=\"https:\/\/usvl.sav.sk\/wp\/wp-content\/uploads\/Pravidl\u00e1-hodnotenia-vedeck\u00fdch-pracovn\u00edkov_USvL-SAVv.v.i._2022.pdf\" rel=\"\">Pravidl\u00e1 hodnotenia vedeck\u00fdch pracovn\u00edkov<\/a><\/li>\n<li><a href=\"https:\/\/usvl.sav.sk\/wp\/wp-content\/uploads\/pravidla_VK_riaditel_vvi_.pdf\">Pravidl\u00e1 v\u00fdberov\u00e9ho konania na obsadzovanie miesta riadite\u013ea verejnej v\u00fdskumnej in\u0161tit\u00facie<\/a><\/li>\n<\/ul>\n","protected":false},"excerpt":{"rendered":"<p>Zakladacia listina Etick\u00fd k\u00f3dex SAV Pl\u00e1n rodovej rovnosti 2025\u20132029 \u00daSvL SAV, v. v. i. Ochrana osobn\u00fdch \u00fadajov\u00a0 Zverej\u0148ovanie dokladov Ozn\u00e1menia Ozn\u00e1menie (zo d\u0148a 21. 1. 2026) Spr\u00e1vnej rady \u00dastavu svetovej literat\u00fary SAV, v. v. i., o konan\u00ed vo\u013eby na funkciu \u010dlenov\/\u010dleniek Vedeckej rady \u00dastavu svetovej literat\u00fary SAV, v. v. i.,\u00a0 v stredu 25. febru\u00e1ra 2026 &hellip; <a href=\"https:\/\/usvl.sav.sk\/wp\/?page_id=44\" class=\"more-link\">Pokra\u010dova\u0165 na <span class=\"screen-reader-text\">Dokumenty<\/span> <span class=\"meta-nav\">&rarr;<\/span><\/a><\/p>\n","protected":false},"author":1,"featured_media":0,"parent":75,"menu_order":0,"comment_status":"closed","ping_status":"open","template":"","meta":{"footnotes":""},"class_list":["post-44","page","type-page","status-publish","hentry"],"_links":{"self":[{"href":"https:\/\/usvl.sav.sk\/wp\/index.php?rest_route=\/wp\/v2\/pages\/44","targetHints":{"allow":["GET"]}}],"collection":[{"href":"https:\/\/usvl.sav.sk\/wp\/index.php?rest_route=\/wp\/v2\/pages"}],"about":[{"href":"https:\/\/usvl.sav.sk\/wp\/index.php?rest_route=\/wp\/v2\/types\/page"}],"author":[{"embeddable":true,"href":"https:\/\/usvl.sav.sk\/wp\/index.php?rest_route=\/wp\/v2\/users\/1"}],"replies":[{"embeddable":true,"href":"https:\/\/usvl.sav.sk\/wp\/index.php?rest_route=%2Fwp%2Fv2%2Fcomments&post=44"}],"version-history":[{"count":99,"href":"https:\/\/usvl.sav.sk\/wp\/index.php?rest_route=\/wp\/v2\/pages\/44\/revisions"}],"predecessor-version":[{"id":10922,"href":"https:\/\/usvl.sav.sk\/wp\/index.php?rest_route=\/wp\/v2\/pages\/44\/revisions\/10922"}],"up":[{"embeddable":true,"href":"https:\/\/usvl.sav.sk\/wp\/index.php?rest_route=\/wp\/v2\/pages\/75"}],"wp:attachment":[{"href":"https:\/\/usvl.sav.sk\/wp\/index.php?rest_route=%2Fwp%2Fv2%2Fmedia&parent=44"}],"curies":[{"name":"wp","href":"https:\/\/api.w.org\/{rel}","templated":true}]}}