{"id":42,"date":"2014-11-10T21:49:56","date_gmt":"2014-11-10T21:49:56","guid":{"rendered":"http:\/\/usvl.sav.sk\/wp\/?page_id=42"},"modified":"2025-12-01T08:11:58","modified_gmt":"2025-12-01T08:11:58","slug":"pracovnici-2","status":"publish","type":"page","link":"https:\/\/usvl.sav.sk\/wp\/?page_id=42","title":{"rendered":"Pracovn\u00ed\u010dky a pracovn\u00edci"},"content":{"rendered":"<p style=\"text-align: left;\"><a href=\"https:\/\/usvl.sav.sk\/wp\/?attachment_id=8474\" rel=\"attachment wp-att-8474\"><img loading=\"lazy\" decoding=\"async\" class=\"alignnone wp-image-8474 size-large\" src=\"https:\/\/usvl.sav.sk\/wp\/wp-content\/uploads\/osadenstvo_11_9-1024x576.jpg\" alt=\"\" width=\"604\" height=\"340\" srcset=\"https:\/\/usvl.sav.sk\/wp\/wp-content\/uploads\/osadenstvo_11_9-1024x576.jpg 1024w, https:\/\/usvl.sav.sk\/wp\/wp-content\/uploads\/osadenstvo_11_9-300x169.jpg 300w, https:\/\/usvl.sav.sk\/wp\/wp-content\/uploads\/osadenstvo_11_9-768x432.jpg 768w, https:\/\/usvl.sav.sk\/wp\/wp-content\/uploads\/osadenstvo_11_9-1536x864.jpg 1536w, https:\/\/usvl.sav.sk\/wp\/wp-content\/uploads\/osadenstvo_11_9-2048x1153.jpg 2048w\" sizes=\"auto, (max-width: 604px) 100vw, 604px\" \/><\/a><\/p>\n<p><b>Samostatn\u00e9 vedeck\u00e9 pracovn\u00ed\u010dky a pracovn\u00edci:<\/b><br \/>\n<a href=\"\/wp\/?page_id=5560&amp;user_no=5293\">prof. PhDr. Katar\u00edna Bedn\u00e1rov\u00e1, CSc.<\/a><br \/>\n<span class=\"italic\">e-mail:<\/span> katarina.bednarova@savba.sk<\/p>\n<p><a href=\"\/wp\/?page_id=5560&amp;user_no=1739\">prof. Mgr. Adam B\u017eoch, CSc.<\/a><br \/>\n<span class=\"italic\">e-mail:<\/span> adam.bzoch@savba.sk<\/p>\n<p><a href=\"https:\/\/usvl.sav.sk\/wp\/?page_id=5560&amp;user_no=13966\">Marianna Deganutti, D.Phil.<\/a><br \/>\ne-mail: marianna.deganutti@savba.sk<\/p>\n<p><a href=\"\/wp\/?page_id=5560&amp;user_no=4624\">doc. Mgr. R\u00f3bert G\u00e1frik, PhD.<\/a><br \/>\n<span class=\"italic\">e-mail:<\/span> robert.gafrik@savba.sk<\/p>\n<p><a href=\"\/wp\/?page_id=5560&amp;user_no=3193\">Mgr. Judit G\u00f6r\u00f6zdi, PhD.<\/a><br \/>\n<span class=\"italic\">e-mail:<\/span> judit.gorozdi@savba.sk<\/p>\n<p><span class=\"empl_info\"><a href=\"https:\/\/usvl.sav.sk\/wp\/?page_id=5560&amp;user_no=12880\">Johannes D. Kaminski, D.Phil.<\/a><\/span><br \/>\n<span class=\"italic\">e-mail:<\/span> j.kaminski@savba.sk<\/p>\n<p><a href=\"\/wp\/?page_id=5560&amp;user_no=1774\">prof. PhDr. M\u00e1ria Kus\u00e1, CSc.<\/a><br \/>\n<span class=\"italic\">e-mail:<\/span> maria.kusa@savba.sk<\/p>\n<div class=\"indent_15\"><span class=\"empl_info\"><a href=\"\/wp\/?page_id=5560&amp;user_no=3196\">Mgr. Roman Mikul\u00e1\u0161, PhD.<\/a><\/span><\/div>\n<div class=\"indent_15\">\n<p><span class=\"italic\">e-mail:<\/span> roman.mikulas@savba.sk<\/p>\n<\/div>\n<div class=\"indent_15\"><span class=\"empl_info\"><a href=\"\/wp\/?page_id=5560&amp;user_no=7831\">Dr. Dobrota Pucherov\u00e1, D.Phil.<\/a><\/span><\/div>\n<div class=\"indent_15\">\n<p><span class=\"italic\">e-mail:<\/span> dobrota.pucherova@savba.sk<\/p>\n<\/div>\n<div class=\"indent_15\"><span class=\"empl_info\"><a href=\"\/wp\/?page_id=5560&amp;user_no=1777\">Mgr. Bogumila Suwara, CSc.<\/a><\/span><\/div>\n<div class=\"indent_15\">\n<p><span class=\"italic\">e-mail:<\/span> bogumila.suwara@savba.sk<\/p>\n<\/div>\n<div class=\"indent_15\"><span class=\"empl_info\"><a href=\"\/wp\/?page_id=5560&amp;user_no=1786\">doc. PhDr. Jana Truhl\u00e1\u0159ov\u00e1, CSc.<\/a><\/span><\/div>\n<div class=\"indent_15\">\n<p><span class=\"italic\">e-mail:<\/span> jana.truhlarova@savba.sk<\/p>\n<\/div>\n<p><b>Vedeck\u00e9 pracovn\u00ed\u010dky a pracovn\u00edci:<\/b><br \/>\n<span class=\"empl_info\"><a href=\"\/wp\/?page_id=5560&amp;user_no=9277\">PhDr. Jana Cvikov\u00e1, PhD.<\/a><\/span><br \/>\n<span class=\"italic\">e-mail:<\/span> jana.cvikova@savba.sk<\/p>\n<div class=\"indent_15\"><a href=\"\/wp\/?page_id=5560&amp;user_no=13044\">Mgr. Ter\u00e9zia Guimard, PhD.<\/a><\/div>\n<div class=\"indent_15\">\n<p>e-mail: terezia.guimard@savba.sk<\/p>\n<p><span class=\"empl_info\"><a href=\"\/wp\/?page_id=5560&amp;user_no=12327\">doc. Mgr. J\u00e1n Jambor, PhD.<\/a><\/span><br \/>\n<span class=\"italic\">e-mail:<\/span> jan.jambor@savba.sk<\/p>\n<p><span class=\"empl_info\"><a href=\"\/wp\/?page_id=5560&amp;user_no=13747\">Eugenia Kelbert Rudan, PhD.<\/a><\/span><br \/>\n<span class=\"italic\">e-mail:<\/span> eugenia.kelbert@savba.sk<\/p>\n<p><span class=\"empl_info\"><a href=\"\/wp\/?page_id=5560&amp;user_no=11915\">Mgr. Eva Kenderessy, PhD.<\/a><\/span><br \/>\n<span class=\"italic\">e-mail:<\/span> eva.kenderessy@savba.sk<\/p>\n<p><span class=\"empl_info\"><a href=\"\/wp\/?page_id=5560&amp;user_no=13986\">Dr. Lucija Mandi\u0107<\/a><\/span><br \/>\n<span class=\"italic\">e-mail:<\/span> lucija.mandic@savba.sk<\/p>\n<p><span class=\"empl_info\"><a href=\"\/wp\/?page_id=5560&amp;user_no=12495\">Mgr. Silvia Ryb\u00e1rov\u00e1, PhD.<\/a><\/span><br \/>\n<span class=\"italic\">e-mail:<\/span> silvia.rybarova@savba.sk<\/p>\n<p><span class=\"empl_info\"><a href=\"\/wp\/?page_id=5560&amp;user_no=12328\">Mgr. Igor Ty\u0161\u0161, PhD.<\/a><\/span><br \/>\n<span class=\"italic\">e-mail:<\/span> igor.tyss@savba.sk<\/p>\n<p><span class=\"empl_info\"><a href=\"\/wp\/?page_id=5560&amp;user_no=13663\">Mgr. J\u00e1n \u017div\u010d\u00e1k, PhD.<\/a><\/span><br \/>\n<span class=\"italic\">e-mail:<\/span> jan.zivcak@savba.sk<\/p>\n<div class=\"indent_15\"><b>Emeritn\u00fd pracovn\u00edk a pracovn\u00ed\u010dka:<\/b><\/div>\n<p><span class=\"empl_info\"><a href=\"\/wp\/?page_id=5560&amp;user_no=1743\">prof. PhDr. Ladislav Franek, CSc.<\/a><\/span><br \/>\n<span class=\"italic\">e-mail:<\/span> usvlfra@savba.sk<\/p>\n<p><span class=\"empl_info\"><a href=\"\/wp\/?page_id=5560&amp;user_no=1788\">PhDr. Libu\u0161a Vajdov\u00e1, CSc.<\/a><\/span><br \/>\n<span class=\"italic\">e-mail:<\/span> vajdovalibusa@gmail.com<\/p>\n<div class=\"indent_15\"><b>Intern\u00e9 doktorandky a doktorand:<\/b><br \/>\n<span class=\"empl_info\"><a href=\"\/wp\/?page_id=5560&amp;user_no=14155\">Mgr. Karol\u00edna Albertov\u00e1<\/a><br \/>\n<span class=\"italic\">e-mail:<\/span> karolina.albertova@savba.sk<\/p>\n<p><span class=\"empl_info\"><a href=\"\/wp\/?page_id=5560&amp;user_no=14824\">Mgr. D\u00e1vid Halada<\/a><br \/>\n<span class=\"italic\">e-mail:<\/span> david.halada@savba.sk<\/p>\n<p><span class=\"empl_info\"><a href=\"\/wp\/?page_id=5560&amp;user_no=13249\">Mgr. Alena Ru\u017ebask\u00e1<\/a><br \/>\n<span class=\"italic\">e-mail:<\/span> alena.ruzbaska@savba.sk<\/p>\n<p><a href=\"\/wp\/?page_id=5560&amp;user_no=13252\">Mgr. Adam \u0160krovan<\/a><br \/>\n<span class=\"italic\">e-mail:<\/span> adam.skrovan@savba.sk<\/p>\n<p><a href=\"\/wp\/?page_id=5560&amp;user_no=11916\">Mgr. Nat\u00e1lia Ty\u0161\u0161<\/a><br \/>\ne-mail: natalia.rondzikova@savba.sk<\/p>\n<p><a href=\"\/wp\/?page_id=5560&amp;user_no=14162\">Mgr. Martina Vladovi\u010dov\u00e1<\/a><br \/>\n<span class=\"italic\">e-mail:<\/span> martina.vladovicova@savba.sk<\/p>\n<p><a href=\"\/wp\/?page_id=5560&amp;user_no=14825\">Mgr. Ema \u017dugecov\u00e1<\/a><br \/>\n<span class=\"italic\">e-mail:<\/span> ema.zugecova@savba.sk<\/p>\n<p><strong>Odborn\u00fd pracovn\u00edk edi\u010dn\u00e9ho \u00faseku:<\/strong><br \/>\n<a href=\"\/wp\/?page_id=5560&amp;user_no=13253\">Mgr. Peter Zlato\u0161, PhD.<\/a><br \/>\ne-mail: peter.zlatos@savba.sk<\/p>\n<p><strong>Sekretari\u00e1t:<\/strong><br \/>\n<a href=\"\/wp\/?page_id=5560&amp;user_no=8945\">Mgr. Ingrid Synakov\u00e1<\/a><br \/>\ne-mail: ingrid.synakova@savba.sk<\/p>\n<p><strong>Knihovn\u00ed\u010dka:<\/strong><br \/>\n<a href=\"\/wp\/?page_id=5560&amp;user_no=6450\">Monika Bug\u00e1rov\u00e1<\/a><br \/>\ne-mail: monika.bugarova@savba.sk<\/p>\n<\/div>\n<\/div>\n","protected":false},"excerpt":{"rendered":"<p>Samostatn\u00e9 vedeck\u00e9 pracovn\u00ed\u010dky a pracovn\u00edci: prof. PhDr. Katar\u00edna Bedn\u00e1rov\u00e1, CSc. e-mail: katarina.bednarova@savba.sk prof. Mgr. Adam B\u017eoch, CSc. e-mail: adam.bzoch@savba.sk Marianna Deganutti, D.Phil. e-mail: marianna.deganutti@savba.sk doc. Mgr. R\u00f3bert G\u00e1frik, PhD. e-mail: robert.gafrik@savba.sk Mgr. Judit G\u00f6r\u00f6zdi, PhD. e-mail: judit.gorozdi@savba.sk Johannes D. Kaminski, D.Phil. e-mail: j.kaminski@savba.sk prof. PhDr. M\u00e1ria Kus\u00e1, CSc. e-mail: maria.kusa@savba.sk Mgr. Roman Mikul\u00e1\u0161, PhD. e-mail: &hellip; <a href=\"https:\/\/usvl.sav.sk\/wp\/?page_id=42\" class=\"more-link\">Pokra\u010dova\u0165 na <span class=\"screen-reader-text\">Pracovn\u00ed\u010dky a pracovn\u00edci<\/span> <span class=\"meta-nav\">&rarr;<\/span><\/a><\/p>\n","protected":false},"author":1,"featured_media":0,"parent":0,"menu_order":0,"comment_status":"closed","ping_status":"open","template":"","meta":{"footnotes":""},"class_list":["post-42","page","type-page","status-publish","hentry"],"_links":{"self":[{"href":"https:\/\/usvl.sav.sk\/wp\/index.php?rest_route=\/wp\/v2\/pages\/42","targetHints":{"allow":["GET"]}}],"collection":[{"href":"https:\/\/usvl.sav.sk\/wp\/index.php?rest_route=\/wp\/v2\/pages"}],"about":[{"href":"https:\/\/usvl.sav.sk\/wp\/index.php?rest_route=\/wp\/v2\/types\/page"}],"author":[{"embeddable":true,"href":"https:\/\/usvl.sav.sk\/wp\/index.php?rest_route=\/wp\/v2\/users\/1"}],"replies":[{"embeddable":true,"href":"https:\/\/usvl.sav.sk\/wp\/index.php?rest_route=%2Fwp%2Fv2%2Fcomments&post=42"}],"version-history":[{"count":228,"href":"https:\/\/usvl.sav.sk\/wp\/index.php?rest_route=\/wp\/v2\/pages\/42\/revisions"}],"predecessor-version":[{"id":10816,"href":"https:\/\/usvl.sav.sk\/wp\/index.php?rest_route=\/wp\/v2\/pages\/42\/revisions\/10816"}],"wp:attachment":[{"href":"https:\/\/usvl.sav.sk\/wp\/index.php?rest_route=%2Fwp%2Fv2%2Fmedia&parent=42"}],"curies":[{"name":"wp","href":"https:\/\/api.w.org\/{rel}","templated":true}]}}