{"id":39,"date":"2014-11-10T21:47:24","date_gmt":"2014-11-10T21:47:24","guid":{"rendered":"http:\/\/usvl.sav.sk\/wp\/?page_id=39"},"modified":"2022-10-25T08:40:57","modified_gmt":"2022-10-25T08:40:57","slug":"kniznica","status":"publish","type":"page","link":"https:\/\/usvl.sav.sk\/wp\/?page_id=39","title":{"rendered":"Kni\u017enica"},"content":{"rendered":"<p>Spolo\u010dn\u00e1 vedeck\u00e1 kni\u017enica dvoch \u00fastavov zameran\u00fdch na v\u00fdskum literat\u00fary: \u00dastavu svetovej literat\u00fary SAV a \u00dastavu slovenskej literat\u00fary SAV.<br \/>\nV kni\u017enici je pr\u00edstupn\u00fdch viac ne\u017e 54 000 kni\u017en\u00fdch a \u010dasopiseck\u00fdch jednotiek. Knihy z pr\u00edru\u010dnej kni\u017enice a \u010dasopisy mo\u017eno \u0161tudova\u0165 len prezen\u010dne.<br \/>\nKni\u017enica pravidelne vyd\u00e1va informa\u010dn\u00fd bulletin, v ktorom poskytuje preh\u013ead najnov\u0161\u00edch pr\u00edrastkov za uplynul\u00fd \u0161tvr\u0165rok, a to tak z oblasti odbornej, ako aj beletristickej literat\u00fary.<\/p>\n<h3><a href=\" http:\/\/www.library.sk\/arl-sav\/sk\/index\/?ok=Ulo%C5%BEi%C5%A5&amp;src=sav_un_cat&amp;ictx=sav\">online katal\u00f3g kni\u017enice<\/a><\/h3>\n<p><strong>V\u00fdpo\u017ei\u010dn\u00e9 hodiny:<\/strong><br \/>\npondelok \u2013 piatok 9.00 \u2013 15.30 hod.<\/p>\n<p><strong>Slu\u017eby:<\/strong><br \/>\n&#8211; v\u00fdpo\u017ei\u010dn\u00e9<br \/>\n&#8211; informa\u010dno-konzulta\u010dn\u00e9<br \/>\n&#8211; reprografick\u00e9<\/p>\n<p><strong>Adresa:<\/strong><br \/>\nD\u00fabravsk\u00e1 cesta 9<br \/>\n841 04 Bratislava<\/p>\n<p><strong>Kontakty:<\/strong><br \/>\nVed\u00faca kni\u017enice:<br \/>\nO\u013ega Ol\u0161inov\u00e1 (olga.olsinova@savba.sk)<\/p>\n<p><strong>Knihovn\u00ed\u010dky:<\/strong><br \/>\nMonika Bug\u00e1rov\u00e1 (monika.bugarova@savba.sk)<br \/>\nRen\u00e1ta Aksam\u00edtov\u00e1 (renata.aksamitova@savba.sk)<\/p>\n<p><strong>Evidencia publika\u010dnej \u010dinnosti a ohlasov pre zamestnankyne a zamestnancov<\/strong><a href=\"https:\/\/uk.sav.sk\/wp-content\/uploads\/2020\/08\/Smernica-SAV_EPCA_2015-05-15-opr-2.pdf\" target=\"blank\"><br \/>\nSmernica SAV \u010d. 303\/A\/2015 o evidencii a kategoriz\u00e1cii publika\u010dnej \u010dinnosti a ohlasov <\/a><br \/>\n<a href=\"https:\/\/uk.sav.sk\/wp-content\/uploads\/2020\/08\/zoznam-vydavatelstva-01-2020.pdf\" target=\"blank\">Zoznam zahrani\u010dn\u00fdch vydavate\u013estiev, ktor\u00e9 realizuj\u00fa recenzn\u00e9 konanie<\/a><br \/>\n<a href=\"https:\/\/usvl.sav.sk\/wp\/wp-content\/uploads\/formular-na-evidenciu-publikacnej-cinnosti-USvL-SAV-1.docx\" rel=\"\">Formul\u00e1r na evidenciu publika\u010dnej \u010dinnosti \u00daSvL SAV<\/a><br \/>\n<a href=\"https:\/\/usvl.sav.sk\/wp\/wp-content\/uploads\/formular-na-evidenciu-ohlasov-1.docx\" rel=\"\">Formul\u00e1r na evidenciu ohlasov \u00daSvL SAV<\/a><\/p>\n","protected":false},"excerpt":{"rendered":"<p>Spolo\u010dn\u00e1 vedeck\u00e1 kni\u017enica dvoch \u00fastavov zameran\u00fdch na v\u00fdskum literat\u00fary: \u00dastavu svetovej literat\u00fary SAV a \u00dastavu slovenskej literat\u00fary SAV. V kni\u017enici je pr\u00edstupn\u00fdch viac ne\u017e 54 000 kni\u017en\u00fdch a \u010dasopiseck\u00fdch jednotiek. Knihy z pr\u00edru\u010dnej kni\u017enice a \u010dasopisy mo\u017eno \u0161tudova\u0165 len prezen\u010dne. Kni\u017enica pravidelne vyd\u00e1va informa\u010dn\u00fd bulletin, v ktorom poskytuje preh\u013ead najnov\u0161\u00edch pr\u00edrastkov za uplynul\u00fd \u0161tvr\u0165rok, a &hellip; <a href=\"https:\/\/usvl.sav.sk\/wp\/?page_id=39\" class=\"more-link\">Pokra\u010dova\u0165 na <span class=\"screen-reader-text\">Kni\u017enica<\/span> <span class=\"meta-nav\">&rarr;<\/span><\/a><\/p>\n","protected":false},"author":1,"featured_media":0,"parent":0,"menu_order":0,"comment_status":"closed","ping_status":"open","template":"","meta":{"footnotes":""},"class_list":["post-39","page","type-page","status-publish","hentry"],"_links":{"self":[{"href":"https:\/\/usvl.sav.sk\/wp\/index.php?rest_route=\/wp\/v2\/pages\/39","targetHints":{"allow":["GET"]}}],"collection":[{"href":"https:\/\/usvl.sav.sk\/wp\/index.php?rest_route=\/wp\/v2\/pages"}],"about":[{"href":"https:\/\/usvl.sav.sk\/wp\/index.php?rest_route=\/wp\/v2\/types\/page"}],"author":[{"embeddable":true,"href":"https:\/\/usvl.sav.sk\/wp\/index.php?rest_route=\/wp\/v2\/users\/1"}],"replies":[{"embeddable":true,"href":"https:\/\/usvl.sav.sk\/wp\/index.php?rest_route=%2Fwp%2Fv2%2Fcomments&post=39"}],"version-history":[{"count":29,"href":"https:\/\/usvl.sav.sk\/wp\/index.php?rest_route=\/wp\/v2\/pages\/39\/revisions"}],"predecessor-version":[{"id":5456,"href":"https:\/\/usvl.sav.sk\/wp\/index.php?rest_route=\/wp\/v2\/pages\/39\/revisions\/5456"}],"wp:attachment":[{"href":"https:\/\/usvl.sav.sk\/wp\/index.php?rest_route=%2Fwp%2Fv2%2Fmedia&parent=39"}],"curies":[{"name":"wp","href":"https:\/\/api.w.org\/{rel}","templated":true}]}}