{"id":28,"date":"2014-10-30T08:28:02","date_gmt":"2014-10-30T08:28:02","guid":{"rendered":"http:\/\/usvl.sav.sk\/wp\/?page_id=28"},"modified":"2026-01-23T10:18:36","modified_gmt":"2026-01-23T10:18:36","slug":"struktura-ustavu","status":"publish","type":"page","link":"https:\/\/usvl.sav.sk\/wp\/?page_id=28","title":{"rendered":"\u0160trukt\u00fara"},"content":{"rendered":"<p><b>Riadite\u013e:<\/b><br \/>\ndoc. Mgr. R\u00f3bert G\u00e1frik, PhD.<br \/>\n<span class=\"italic\">tel.:<\/span> 00421 2 5443 1995 \u00a0\/ e-mail: robert.gafrik@savba.sk<\/p>\n<p><b>Z\u00e1stupca riadite\u013ea:<\/b><br \/>\nMgr. Roman Mikul\u00e1\u0161, PhD.<br \/>\n<span class=\"italic\">tel.:<\/span> 00421 2 5443 1995 \u00a0\/ <span class=\"italic\">e-mail:<\/span> roman.mikulas@savba.sk<\/p>\n<p><b>Vedeck\u00e1 tajomn\u00ed\u010dka:<\/b><br \/>\nMgr. Silvia Ryb\u00e1rov\u00e1, PhD.<br \/>\n<span class=\"italic\">e-mail:<\/span> silvia.rybarova@savba.sk<\/p>\n<p><b>Sekretari\u00e1t:<\/b><br \/>\nMgr. Ingrid Synakov\u00e1<br \/>\n<span class=\"italic\">tel.:<\/span> 00421 2 5443 1995 \/ <span class=\"italic\">e-mail:<\/span> ingrid.synakova@savba.sk<\/p>\n<p><b>Zamestnaneck\u00e1 z\u00e1stupky\u0148a:<\/b><br \/>\nPhDr. Jana Cvikov\u00e1, PhD.<br \/>\n<span class=\"italic\">e-mail:<\/span> jana.cvikova@savba.sk<\/p>\n<p><strong>Spr\u00e1vna rada:<\/strong><br \/>\nPhDr. Jana Cvikov\u00e1, PhD.; doc. Mgr. R\u00f3bert G\u00e1frik, PhD. (predseda);\u00a0 Mgr. Roman Mikul\u00e1\u0161, PhD.; Mgr. Silvia Ryb\u00e1rov\u00e1, PhD.; Mgr. Igor Ty\u0161\u0161, PhD.<\/p>\n<p><strong>Dozorn\u00e1\u00a0rada:<\/strong><br \/>\nMgr. R\u00f3bert Karul, PhD. (predseda); Ing. Veronika P\u00fa\u010dikov\u00e1; Ing. Andrej Zme\u010dek<\/p>\n<p><strong>Vedeck\u00e1 rada:<\/strong><br \/>\nprof. Mgr. Adam B\u017eoch, CSc. (predseda); Mgr. Judit G\u00f6r\u00f6zdi, PhD.; Mgr. Michal Hvoreck\u00fd (spisovate\u013e, prekladate\u013e, sprostredkovate\u013e nemeckej kult\u00fary); prof. PhDr. M\u00e1ria Kus\u00e1, CSc.; doc. Mgr. Andrea Mikul\u00e1\u0161ov\u00e1, PhD. (Pedagogick\u00e1 fakulta Univerzity Komensk\u00e9ho)<\/p>\n<p><strong>Medzin\u00e1rodn\u00fd poradn\u00fd zbor:\u00a0<\/strong><br \/>\nUniv.-Prof. Mag. Dr. phil. Peter Deutschmann (Universit\u00e4t Salzburg); Prof. Clara Royer, MCF HDR (Universit\u00e9 Paris-Sorbonne); Prof. Dr. Charles D. Sabatos (Yeditepe University, Istanbul)<\/p>\n<p><strong>Garant doktorandsk\u00e9ho \u0161t\u00fadia:<\/strong><br \/>\nprof. Mgr. Adam B\u017eoch, CSc.<\/p>\n<p><strong>Oddelenie liter\u00e1rnej te\u00f3rie:<\/strong><br \/>\nPhDr. Jana Cvikov\u00e1, PhD., Mgr. Judit G\u00f6r\u00f6zdi, PhD.;\u00a0 Mgr. Ter\u00e9zia Guimard, PhD.; doc. Mgr. J\u00e1n Jambor PhD.; Mgr. Eva Kenderessy, PhD.; Mgr. Roman Mikul\u00e1\u0161, PhD. (ved\u00faci); Mgr. Bogumila Suwara, PhD.; Mgr. J\u00e1n \u017div\u010d\u00e1k, PhD.<\/p>\n<p><strong>Oddelenie porovn\u00e1vacej liter\u00e1rnej vedy:<\/strong><br \/>\nprof. Mgr. Adam B\u017eoch, CSc.; Marianna Deganutti, PhD.; doc. Mgr. R\u00f3bert G\u00e1frik, PhD.; Johannes D. Kaminski, PhD; Eugenia Kelbert Rudan, PhD.; Lucija Mandi\u0107, mag. prim. knji\u017e. in mag. slov.; Dr. Dobrota Pucherov\u00e1, D.Phil. (ved\u00faca)<\/p>\n<p><strong>Oddelenie te\u00f3rie a dej\u00edn umeleck\u00e9ho prekladu:<\/strong><br \/>\nprof. PhDr. Katar\u00edna Bedn\u00e1rov\u00e1, CSc.; prof. PhDr. M\u00e1ria Kus\u00e1, CSc. (ved\u00faca); Mgr. Silvia Ryb\u00e1rov\u00e1, PhD.; doc. PhDr. Jana Truhl\u00e1\u0159ov\u00e1, CSc.; Mgr. Igor Ty\u0161\u0161, PhD.<\/p>\n<p><strong>Edi\u010dn\u00fd \u00fasek:<\/strong><br \/>\nPhDr. Jana Cvikov\u00e1, PhD. (ved\u00faca a \u0161\u00e9fredaktorka \u010dasopisu World Literature Studies); Mgr. Eva Kenderessy, PhD.; Mgr. Peter Zlato\u0161, PhD.<\/p>\n<p><strong>Kni\u017enica:<\/strong><br \/>\nMonika Bug\u00e1rov\u00e1<\/p>\n","protected":false},"excerpt":{"rendered":"<p>Riadite\u013e: doc. Mgr. R\u00f3bert G\u00e1frik, PhD. tel.: 00421 2 5443 1995 \u00a0\/ e-mail: robert.gafrik@savba.sk Z\u00e1stupca riadite\u013ea: Mgr. Roman Mikul\u00e1\u0161, PhD. tel.: 00421 2 5443 1995 \u00a0\/ e-mail: roman.mikulas@savba.sk Vedeck\u00e1 tajomn\u00ed\u010dka: Mgr. Silvia Ryb\u00e1rov\u00e1, PhD. e-mail: silvia.rybarova@savba.sk Sekretari\u00e1t: Mgr. Ingrid Synakov\u00e1 tel.: 00421 2 5443 1995 \/ e-mail: ingrid.synakova@savba.sk Zamestnaneck\u00e1 z\u00e1stupky\u0148a: PhDr. Jana Cvikov\u00e1, PhD. e-mail: &hellip; <a href=\"https:\/\/usvl.sav.sk\/wp\/?page_id=28\" class=\"more-link\">Pokra\u010dova\u0165 na <span class=\"screen-reader-text\">\u0160trukt\u00fara<\/span> <span class=\"meta-nav\">&rarr;<\/span><\/a><\/p>\n","protected":false},"author":1,"featured_media":0,"parent":0,"menu_order":0,"comment_status":"closed","ping_status":"open","template":"","meta":{"footnotes":""},"class_list":["post-28","page","type-page","status-publish","hentry"],"_links":{"self":[{"href":"https:\/\/usvl.sav.sk\/wp\/index.php?rest_route=\/wp\/v2\/pages\/28","targetHints":{"allow":["GET"]}}],"collection":[{"href":"https:\/\/usvl.sav.sk\/wp\/index.php?rest_route=\/wp\/v2\/pages"}],"about":[{"href":"https:\/\/usvl.sav.sk\/wp\/index.php?rest_route=\/wp\/v2\/types\/page"}],"author":[{"embeddable":true,"href":"https:\/\/usvl.sav.sk\/wp\/index.php?rest_route=\/wp\/v2\/users\/1"}],"replies":[{"embeddable":true,"href":"https:\/\/usvl.sav.sk\/wp\/index.php?rest_route=%2Fwp%2Fv2%2Fcomments&post=28"}],"version-history":[{"count":77,"href":"https:\/\/usvl.sav.sk\/wp\/index.php?rest_route=\/wp\/v2\/pages\/28\/revisions"}],"predecessor-version":[{"id":10920,"href":"https:\/\/usvl.sav.sk\/wp\/index.php?rest_route=\/wp\/v2\/pages\/28\/revisions\/10920"}],"wp:attachment":[{"href":"https:\/\/usvl.sav.sk\/wp\/index.php?rest_route=%2Fwp%2Fv2%2Fmedia&parent=28"}],"curies":[{"name":"wp","href":"https:\/\/api.w.org\/{rel}","templated":true}]}}