{"id":238,"date":"2015-04-26T17:22:34","date_gmt":"2015-04-26T17:22:34","guid":{"rendered":"http:\/\/usvl.sav.sk\/wp\/?page_id=238"},"modified":"2026-04-02T22:03:44","modified_gmt":"2026-04-02T22:03:44","slug":"predpisy_fifuk","status":"publish","type":"page","link":"https:\/\/usvl.sav.sk\/wp\/?page_id=238","title":{"rendered":"Predpisy"},"content":{"rendered":"<blockquote><p><span style=\"color: #33cccc;\"><strong>Predpisy pre doktorandky <\/strong><\/span><strong style=\"color: #33cccc;\">a doktorandov prij\u00edman\u00fdch <\/strong><span style=\"color: #33cccc;\"><strong>od \u0161k. r. 2025\/2026 FF UPJ\u0160<\/strong><\/span><\/p><\/blockquote>\n<p>\u00dastav svetovej literat\u00fary SAV, v. v. i., zabezpe\u010duje ako extern\u00e1 vzdel\u00e1vacia in\u0161tit\u00facia od akademick\u00e9ho roku 2025\/2026\u00a0 v spolupr\u00e1ci s Filozofickou fakultou Univerzity Pavla Jozefa \u0160af\u00e1rika v Ko\u0161iciach doktorandsk\u00e9 \u0161t\u00fadium v r\u00e1mci \u0161tudijn\u00e9ho odboru Filol\u00f3gia, \u0161tudijn\u00fd <a href=\"https:\/\/ais2.upjs.sk\/repovsk\/repository\/default\/ais\/vsk\/Filozoficka_fakulta\/filologia\/studijny_program\/literarna_veda_(III._st._denna_forma)_(LV4d)\/WEB\/Opis_studijneho_programu_(SK).html\">program Liter\u00e1rna veda<\/a><span style=\"color: #000000;\">\u00a0pre novoprijat\u00e9 doktorandky a doktorandov.\u00a0 \u0160<\/span>t\u00fadium (v\u00fdlu\u010dne v dennej forme) trv\u00e1 4 roky. Z\u00e1kladnou podmienkou prijatia na doktorandsk\u00e9 \u0161t\u00fadium je absolvovanie \u0161tudijn\u00e9ho programu druh\u00e9ho stup\u0148a alebo spojen\u00e9ho programu prv\u00e9ho a druh\u00e9ho stup\u0148a, prednostne filologick\u00e9ho alebo pr\u00edbuzn\u00e9ho odboru, ako aj absolvovanie prij\u00edmacieho pohovoru.<\/p>\n<p><a href=\"https:\/\/www.upjs.sk\/filozoficka-fakulta\/info-pre-studentov\/doktorandske-studium\/\">Inform\u00e1cie pre doktorandky a doktorandov (UPJ\u0160 v Ko\u0161iciach)<span style=\"color: #33cccc;\"><span style=\"color: #000000;\">.<\/span><\/span><\/a><\/p>\n<blockquote><p>&nbsp;<\/p>\n<p><span style=\"color: #33cccc;\"><strong>Predpisy pre doktorandky a doktorandov prijat\u00fdch <\/strong><\/span><span style=\"color: #33cccc;\"><strong>do \u0161k. roku 2024\/2025 FiFUK\u00a0<\/strong><\/span><\/p><\/blockquote>\n<p>\u00dastav svetovej literat\u00fary SAV, v. v. i., zabezpe\u010duje ako extern\u00e1 vzdel\u00e1vacia in\u0161tit\u00facia v spolupr\u00e1ci s Filozofickou fakultou Univerzity Komensk\u00e9ho doktorandsk\u00e9 \u0161t\u00fadium v r\u00e1mci \u0161tudijn\u00e9ho odboru Filol\u00f3gia, \u0161tudijn\u00fd program Liter\u00e1rna veda.\u00a0 \u0160t\u00fadium (v\u00fdlu\u010dne v dennej forme) trv\u00e1 4 roky. Z\u00e1kladnou podmienkou prijatia na doktorandsk\u00e9 \u0161t\u00fadium je absolvovanie \u0161tudijn\u00e9ho programu druh\u00e9ho stup\u0148a alebo spojen\u00e9ho programu prv\u00e9ho a druh\u00e9ho stup\u0148a, prednostne filologick\u00e9ho alebo pr\u00edbuzn\u00e9ho odboru.<\/p>\n<p><a href=\"https:\/\/fphil.uniba.sk\/studium\/student\/doktorandske-studium\/\">Inform\u00e1cie pre doktorandky a doktorandov (FiFUK Bratislava).<\/a><\/p>\n<p>Pre priebeh a hodnotenie \u0161tuduj\u00facich D\u0160 s\u00fa d\u00f4le\u017eit\u00e9 najm\u00e4 tieto predpisy FiF UK a SAV:<\/p>\n<ul>\n<li><a href=\"https:\/\/fphil.uniba.sk\/fileadmin\/fif\/o_fakulte\/dokumenty_vnutorne_predpisy\/vnutorne_predpisy\/vp_5_2020.pdf\">Vn\u00fatorn\u00fd predpis \u010d. 5\/2020: \u0160tudijn\u00fd poriadok Filozofickej fakulty Univerzity Komensk\u00e9ho v Bratislave (\u010das\u0165 III. Osobitn\u00e9 ustanovenie o doktorandskom \u0161t\u00fadiu)<\/a><\/li>\n<li><a href=\"https:\/\/fphil.uniba.sk\/fileadmin\/fif\/o_fakulte\/dokumenty_vnutorne_predpisy\/vnutorne_predpisy\/vp_8_2020.pdf\">Vn\u00fatorn\u00fd predpis \u010d. 8\/2020: Kreditov\u00e9 hodnotenie \u010dinnost\u00ed v doktorandskom \u0161t\u00fadiu na FiF UK v Bratislave<\/a><\/li>\n<li><a href=\"https:\/\/www.sav.sk\/?lang=sk&amp;doc=educ-phdstudy\">Vn\u00fatorn\u00fd syst\u00e9m zabezpe\u010denia kvality doktorandsk\u00e9ho \u0161t\u00fadia SAV (\u010das\u0165 II. Kvalita absolventa doktorandsk\u00e9ho \u0161t\u00fadia)\u00a0<\/a><\/li>\n<\/ul>\n","protected":false},"excerpt":{"rendered":"<p>Predpisy pre doktorandky a doktorandov prij\u00edman\u00fdch od \u0161k. r. 2025\/2026 FF UPJ\u0160 \u00dastav svetovej literat\u00fary SAV, v. v. i., zabezpe\u010duje ako extern\u00e1 vzdel\u00e1vacia in\u0161tit\u00facia od akademick\u00e9ho roku 2025\/2026\u00a0 v spolupr\u00e1ci s Filozofickou fakultou Univerzity Pavla Jozefa \u0160af\u00e1rika v Ko\u0161iciach doktorandsk\u00e9 \u0161t\u00fadium v r\u00e1mci \u0161tudijn\u00e9ho odboru Filol\u00f3gia, \u0161tudijn\u00fd program Liter\u00e1rna veda\u00a0pre novoprijat\u00e9 doktorandky a doktorandov.\u00a0 \u0160t\u00fadium &hellip; <a href=\"https:\/\/usvl.sav.sk\/wp\/?page_id=238\" class=\"more-link\">Pokra\u010dova\u0165 na <span class=\"screen-reader-text\">Predpisy<\/span> <span class=\"meta-nav\">&rarr;<\/span><\/a><\/p>\n","protected":false},"author":1,"featured_media":0,"parent":6778,"menu_order":3,"comment_status":"closed","ping_status":"closed","template":"","meta":{"footnotes":""},"class_list":["post-238","page","type-page","status-publish","hentry"],"_links":{"self":[{"href":"https:\/\/usvl.sav.sk\/wp\/index.php?rest_route=\/wp\/v2\/pages\/238","targetHints":{"allow":["GET"]}}],"collection":[{"href":"https:\/\/usvl.sav.sk\/wp\/index.php?rest_route=\/wp\/v2\/pages"}],"about":[{"href":"https:\/\/usvl.sav.sk\/wp\/index.php?rest_route=\/wp\/v2\/types\/page"}],"author":[{"embeddable":true,"href":"https:\/\/usvl.sav.sk\/wp\/index.php?rest_route=\/wp\/v2\/users\/1"}],"replies":[{"embeddable":true,"href":"https:\/\/usvl.sav.sk\/wp\/index.php?rest_route=%2Fwp%2Fv2%2Fcomments&post=238"}],"version-history":[{"count":92,"href":"https:\/\/usvl.sav.sk\/wp\/index.php?rest_route=\/wp\/v2\/pages\/238\/revisions"}],"predecessor-version":[{"id":11076,"href":"https:\/\/usvl.sav.sk\/wp\/index.php?rest_route=\/wp\/v2\/pages\/238\/revisions\/11076"}],"up":[{"embeddable":true,"href":"https:\/\/usvl.sav.sk\/wp\/index.php?rest_route=\/wp\/v2\/pages\/6778"}],"wp:attachment":[{"href":"https:\/\/usvl.sav.sk\/wp\/index.php?rest_route=%2Fwp%2Fv2%2Fmedia&parent=238"}],"curies":[{"name":"wp","href":"https:\/\/api.w.org\/{rel}","templated":true}]}}