{"id":235,"date":"2015-04-26T17:20:18","date_gmt":"2015-04-26T17:20:18","guid":{"rendered":"http:\/\/usvl.sav.sk\/wp\/?page_id=235"},"modified":"2026-04-08T22:20:57","modified_gmt":"2026-04-08T22:20:57","slug":"doktorandske-studium-2","status":"publish","type":"page","link":"https:\/\/usvl.sav.sk\/wp\/?page_id=235","title":{"rendered":"PhD. \u0161t\u00fadium"},"content":{"rendered":"<ul>\n<li>O<span style=\"color: #33cccc;\"><span style=\"color: #000000;\">d akademick\u00e9ho roka 2025\/2026 spolupracuje \u00fastav pri poskytovan\u00ed \u0161t\u00fadia pre novoprijat\u00fdch doktorandov a doktorandky ako extern\u00e1 vzdel\u00e1vacia in\u0161tit\u00facia<\/span> <\/span><strong><span style=\"color: #33cccc;\">s Filozofickou fakultou Univerzity Pavla Jozefa \u0160af\u00e1rika v Ko\u0161iciach v r\u00e1mci \u0161tudijn\u00e9ho odboru Filol\u00f3gia, <a href=\"https:\/\/ais2.upjs.sk\/repovsk\/repository\/default\/ais\/vsk\/Filozoficka_fakulta\/filologia\/studijny_program\/literarna_veda_(III._st._denna_forma)_(LV4d)\/WEB\/Opis_studijneho_programu_(SK).html\">\u0161tudijn\u00fd program Liter\u00e1rna veda.<\/a><\/span><\/strong> V\u00fdu\u010dba predmetov prebieha v s\u00eddle \u00fastavu v Bratislave. Garantom doktorandsk\u00e9ho \u0161t\u00fadia v \u00dastave svetovej literat\u00fary SAV, v. v. i., je prof. Mgr. Adam B\u017eoch, CSc. Prihl\u00e1\u0161ky sa pod\u00e1vaj\u00fa do 31. m\u00e1ja, bli\u017e\u0161ie inform\u00e1cie <a href=\"https:\/\/studijne-programy.upjs.sk\/prihlaska\/LV4d?phd=\">TU.<\/a><\/li>\n<\/ul>\n<p><strong><a href=\"https:\/\/usvl.sav.sk\/wp\/wp-content\/uploads\/Temy-dizertacnych-prac-na-prijimacie-pohovory-sk.-rok-2026-2027.pdf\">V\u00fdskumn\u00e9 zameranie t\u00e9m dizerta\u010dn\u00fdch pr\u00e1c na nasleduj\u00faci akademick\u00fd rok\u00a0<\/a><\/strong><br \/>\n<span style=\"color: #33cccc;\">Britsk\u00e1 \u017eensk\u00e1 hororov\u00e1 literat\u00fara a protofeminizmus &#8211; \u0161kolite\u013eka Dr. phil. Dobrota Pucherov\u00e1.<\/span> Hlavn\u00fdm cie\u013eom dizerta\u010dnej pr\u00e1ce bude analyzova\u0165 pr\u00edbehy o duchoch od<br \/>\nanglick\u00fdch autoriek 19. a za\u010diatku 20. storo\u010dia, ako napr\u00edklad Ann Radcliffe, Mary Shelley,<br \/>\nMary Elizabeth Braddon, Vernon Lee alebo Charlotte Turner Smith. Bude n\u00e1s zauj\u00edma\u0165,<br \/>\nak\u00fdmi prostriedkami tieto texty vytv\u00e1raj\u00fa hororov\u00fa poetiku (horor navoden\u00fd ne\u013eudsk\u00fdmi<br \/>\nbytos\u0165ami) a ak\u00e9 s\u00fa jej implik\u00e1cie v dobovom kult\u00farnom a spolo\u010denskom kontexte.<br \/>\nKonkr\u00e9tne sa budeme p\u00fdta\u0165, ak\u00fa poz\u00edciu maj\u00fa tieto texty vo\u010di dobov\u00e9mu protofeministick\u00e9mu diskurzu a konceptu New Woman (nov\u00e1 \u017eena). Teoretick\u00e9 a metodologick\u00e9 n\u00e1stroje bud\u00fa predov\u0161etk\u00fdm feministick\u00e1 liter\u00e1rna veda a queerov\u00e9 \u010d\u00edtanie.<br \/>\n<span style=\"color: #33cccc;\">Sci-fi, \u0161pekulat\u00edvna fikcia a fantasy literat\u00fara v novej \u00e9re neistoty &#8211; \u0161kolite\u013e Johannes D. Kaminsky, PhD. <\/span>Fantasy literat\u00faru, ale aj vedeck\u00fa a \u0161pekulat\u00edvnu literat\u00faru (SSF) vn\u00edmame v posledn\u00fdch rokoch ako jedine\u010dn\u00fd priestor na spracovanie komplexn\u00fdch t\u00e9m nemimetick\u00fdm sp\u00f4sobom. Nad\u0161en\u00e9 prijatie diel Margaret Atwood, Kima Stanleyho Robinsona a Liu Cixina dokazuje, \u017ee r\u00f4zne \u010ditate\u013esk\u00e9 skupiny na celom svete siahaj\u00fa po fantastike, aby z\u00edskali orient\u00e1ciu v novej \u00e9re neistoty. Tento typ literat\u00fary sa napr\u00edklad st\u00e1va platformou na diskusiu o vz\u00e1jomn\u00fdch vz\u0165ahoch medzi \u013eu\u010fmi, zvieratami a technosf\u00e9rou. V osobnej\u0161om meradle zasa SSF <span id=\"OBJ_PREFIX_DWT1609_com_zimbra_date\" class=\"Object\" role=\"link\"><span id=\"OBJ_PREFIX_DWT1611_com_zimbra_date\" class=\"Object\" role=\"link\">pon<\/span><\/span>\u00faka mo\u017enos\u0165 uva\u017eova\u0165 o int\u00edmnych vz\u0165ahoch mimo realistick\u00e9ho r\u00e1mca, ke\u010f\u017ee utopick\u00e1 rodov\u00e1 politika sa uplat\u0148uje vo sf\u00e9re virtu\u00e1lnych real\u00edt, exoplan\u00e9t a mimozemsk\u00fdch foriem \u017eivota. V diskurze o SSF teda existuje tendencia vyzdvihova\u0165 aspekty, ktor\u00e9 tento \u017e\u00e1ner charakterizuj\u00fa v priaznivom svetle (\u010ditate\u013esk\u00e1 pr\u00ed\u0165a\u017elivos\u0165, progres\u00edvne hodnoty at\u010f.). Rovnako potrebn\u00e9 je v\u0161ak analyzova\u0165 a hodnoti\u0165 pr\u00edklady, ktor\u00e9 funguj\u00fa mimo tejto paradigmy, ke\u010f\u017ee SSF oslovuje spisovate\u013eov a spisovate\u013eky so \u0161irok\u00fdm spektrom politick\u00fdch n\u00e1zorov. Ak\u00e9 rie\u0161enia\u00a0<span id=\"OBJ_PREFIX_DWT1610_com_zimbra_date\" class=\"Object\" role=\"link\"><span id=\"OBJ_PREFIX_DWT1612_com_zimbra_date\" class=\"Object\" role=\"link\">pon<\/span><\/span>\u00faka technooptimistick\u00e1 vesm\u00edrna opera v kontexte existenci\u00e1lnych hrozieb a spolo\u010densk\u00e9ho kolapsu? Ako sa zmeny vo vn\u00edman\u00ed mu\u017eskosti odr\u00e1\u017eaj\u00fa v survivalistickej literat\u00fare? A hoci s\u00fa\u010dasn\u00e1 SSF zvy\u010dajne uprednost\u0148uje \u010ditate\u013esk\u00fa \u00fastretovos\u0165 pred jazykovou komplexnos\u0165ou, ktor\u00e9 diela nar\u00fa\u0161aj\u00fa hranice medzi komer\u010dnou pr\u00f3zou a umeleck\u00fdm vyjadren\u00edm? (Upozor\u0148ujeme, \u017ee komunik\u00e1cia so \u0161kolite\u013eom bude prebieha\u0165 v angli\u010dtine alebo nem\u010dine.)<br \/>\n<span style=\"color: #33cccc;\">Spom\u00ednanie a zab\u00fadanie ako predmet vied o \u017eivote a liter\u00e1rnej vedy &#8211; \u0161kolite\u013e Mgr. Roman Mikul\u00e1\u0161, PhD. <span style=\"color: #000000;\">Pam\u00e4\u0165 kon\u0161tituuje na\u0161u osobn\u00fa identitu. Zatia\u013e \u010do v\u00e4\u010d\u0161ina <\/span><span style=\"color: #000000;\">liter\u00e1rnovedn\u00fdch \u0161t\u00fadi\u00ed sa upriamuje na aspekt spom\u00ednania, zab\u00fadaniu sa dost\u00e1va menej <\/span><span style=\"color: #000000;\">pozornosti. Zab\u00fadanie v\u00fdrazne nar\u00fa\u0161a n\u00e1\u0161 pocit identity. Po\u010detn\u00e9 texty s\u00fa\u010dasnej <\/span><span style=\"color: #000000;\">nemeckojazy\u010dnej proveniencie sa zaoberaj\u00fa neurobiologick\u00fdmi ochoreniami, ktor\u00e9 spravidla <\/span><span style=\"color: #000000;\">ved\u00fa k strate pam\u00e4ti spojenej s naru\u0161en\u00fdm pocitom identity. V mnoh\u00fdch textoch m\u00f4\u017eeme <\/span><span style=\"color: #000000;\">pozorova\u0165 liter\u00e1rne strat\u00e9gie, ktor\u00e9 s\u00fa zalo\u017een\u00e9 na reflexii rozpadu osobnej identity priamo v <\/span><span style=\"color: #000000;\">procese p\u00edsania. Hranica medzi diskurzmi, diskurzom literat\u00fary a diskurzom biomedic\u00edny <\/span><span style=\"color: #000000;\">alebo neurobiol\u00f3gie, sa tu prekra\u010duje r\u00f4znymi sp\u00f4sobmi. Na z\u00e1klade tejto tematickej <\/span><span style=\"color: #000000;\">orient\u00e1cie sa uplat\u0148uje koncept interdiskurzivity, ktor\u00fd chceme prepoji\u0165 s koncepciou vied o <\/span><span style=\"color: #000000;\">\u017eivote Ottmara Etteho. Navrhovan\u00fd dizerta\u010dn\u00fd projekt sa bude venova\u0165 literariz\u00e1cii procesov, <\/span><span style=\"color: #000000;\">ktor\u00e9 sa prim\u00e1rne diskutuj\u00fa na \u00farovni \u0161peci\u00e1lnych vedn\u00fdch discipl\u00edn, ako je neurobiol\u00f3gia a <\/span><span style=\"color: #000000;\">biomedic\u00edna. Rozmer dizerta\u010dn\u00e9ho projektu je v\u0161ak \u0161ir\u0161\u00ed. Dizerta\u010dn\u00fd projekt sa s\u00fastred\u00ed na <\/span><span style=\"color: #000000;\">problematiku literariz\u00e1cie osobnej identity a jej naru\u0161enia \u010di straty v d\u00f4sledku r\u00f4znych por\u00fach. <\/span><span style=\"color: #000000;\">V neposlednom rade sa bud\u00fa analyzova\u0165 pr\u00edklady, ako m\u00f4\u017ee interdiskurz\u00edvne koncipovan\u00fd <\/span><span style=\"color: #000000;\">pojem pam\u00e4ti pom\u00f4c\u0165 prepoji\u0165 pam\u00e4\u0165ov\u00e9 procesy s predstavami o identite a individualite. Na <\/span><span style=\"color: #000000;\">druhej strane sa na tomto pozad\u00ed zvidite\u013enia strat\u00e9gie narat\u00edvov, ktor\u00e9 stv\u00e1r\u0148uj\u00fa pr\u00e1ve tieto <\/span><span style=\"color: #000000;\">procesy pre\u017e\u00edvania vn\u00fatorn\u00e9ho sveta.<\/span><\/span><\/p>\n<ul>\n<li>\u00dastav svetovej literat\u00fary SAV, v. v. i.,\u00a0 zabezpe\u010duje <span style=\"color: #33cccc;\"><strong>\u0161tvorro\u010dn\u00e9 intern\u00e9 doktorandsk\u00e9 \u0161t\u00fadium<\/strong> <strong>ako extern\u00e1 vzdel\u00e1vacia in\u0161tit\u00facia<\/strong><\/span> aj v spolupr\u00e1ci s Filozofickou fakultou Univerzity Komensk\u00e9ho v r\u00e1mci \u0161tudijn\u00e9ho odboru Filol\u00f3gia, \u0161tudijn\u00fd program Liter\u00e1rna veda; aktu\u00e1lne v druhom a\u017e \u0161tvrtom ro\u010dn\u00edku.<\/li>\n<li><span style=\"color: #33cccc;\"><strong>I<strong>nt<\/strong>ern\u00e9 PhD. \u0161t\u00fadium u n\u00e1s <span style=\"color: #33cccc;\">pon\u00faka<\/span> r\u00f4zne mo\u017enosti:<\/strong><\/span>\n<ul>\n<li>m\u00f4\u017eete sa intenz\u00edvne venova\u0165 oblasti \u010di t\u00e9me, ktor\u00e1 v\u00e1s zauj\u00edma;<\/li>\n<li>dost\u00e1vate \u0161tipendium, aby ste sa mohli s\u00fastredi\u0165 na \u0161t\u00fadium a v\u00fdskum;<\/li>\n<li>stanete sa s\u00fa\u010das\u0165ou \u017eivota v \u00fastave;<\/li>\n<li>zap\u00e1jate sa do vedeckej i populariza\u010dnej pr\u00e1ce a do kolekt\u00edvnych v\u00fdskumn\u00fdch projektov;<\/li>\n<li>nav\u0161tevujete doktorandsk\u00e9 semin\u00e1re a predn\u00e1\u0161ky;<\/li>\n<li>m\u00f4\u017eete po\u010d\u00edta\u0165 s podporou pracovn\u00ed\u010dok \u010di pracovn\u00edkov \u00fastavu;<\/li>\n<li>publikujete recenzie, \u0161t\u00fadie, odborn\u00e9 \u010dl\u00e1nky;<\/li>\n<li>vystupujete na konferenci\u00e1ch doma i v zahrani\u010d\u00ed;<\/li>\n<li>absolvujete zahrani\u010dn\u00e9 pobyty;<\/li>\n<li>po jeho \u00faspe\u0161nom zav\u0155\u0161en\u00ed obhajobou dizerta\u010dnej pr\u00e1ce si roz\u0161\u00edrite mo\u017enosti profesijn\u00e9ho uplatnenia&#8230;<\/li>\n<\/ul>\n<\/li>\n<li>\u0160kolite\u013eky a \u0161kolitelia ka\u017ed\u00fd rok vypisuj\u00fa t\u00e9my dizerta\u010dn\u00fdch pr\u00e1c, ktor\u00e9 sa m\u00f4\u017eu realizova\u0165 v najbli\u017e\u0161\u00edch \u0161tyroch \u0161kolsk\u00fdch rokoch.\n<ul>\n<li>Kontaktujte sa so \u0161kolite\u013eom, na ktor\u00e9ho t\u00e9mu sa chcete prihl\u00e1si\u0165, u\u017e pred podan\u00edm prihl\u00e1\u0161ky.<\/li>\n<li>M\u00f4\u017eete pon\u00faknu\u0165 aj vlastn\u00fa t\u00e9mu, obr\u00e1\u0165te sa \u010do najsk\u00f4r na vedeck\u00fa tajomn\u00ed\u010dku alebo priamo \u0161kolite\u013eku \u010di \u0161kolite\u013ea.<\/li>\n<\/ul>\n<\/li>\n<li>O prijat\u00ed uch\u00e1dza\u010dky \u010di uch\u00e1dza\u010da o doktorandsk\u00e9 \u0161t\u00fadium rozhodne \u00faspe\u0161n\u00e9 absolvovanie prij\u00edmacej sk\u00fa\u0161ky.<\/li>\n<li>Pre \u010fal\u0161ie inform\u00e1cie\n<ul>\n<li>si pre\u010d\u00edtajte, na\u010do bolo na\u0161im \u00faspe\u0161n\u00fdm absolventk\u00e1m doktorandsk\u00e9 \u0161t\u00fadium <span style=\"color: #33cccc;\"><strong>#nacomijedoktorandskestudium<\/strong><\/span>\n<ul>\n<li><strong><a href=\"https:\/\/usvl.sav.sk\/wp\/?p=7028\"><span style=\"color: #33cccc;\">Zuzana Kopeck\u00e1, PhD. (2021)<\/span><\/a><\/strong><\/li>\n<li><strong><a href=\"https:\/\/usvl.sav.sk\/wp\/?p=6741\" target=\"_blank\" rel=\"noopener\"><span style=\"color: #33cccc;\">Tamara \u0160imon\u010d\u00edkov\u00e1 Heribanov\u00e1, PhD. (2020)<\/span><\/a><\/strong><\/li>\n<li><a href=\"https:\/\/usvl.sav.sk\/wp\/?p=7423\" target=\"_blank\" rel=\"noopener\"><strong><span style=\"color: #33cccc;\">Kri\u0161tof Anetta, PhD. (2019)<\/span><\/strong><\/a><\/li>\n<li><span style=\"color: #33cccc;\"><strong><a style=\"color: #33cccc;\" href=\"https:\/\/usvl.sav.sk\/wp\/?p=7259\" target=\"_blank\" rel=\"noopener\">L\u00edvia Paszm\u00e1r, PhD. (2017)<\/a><\/strong><\/span><\/li>\n<li><span style=\"color: #33cccc;\"><strong><a style=\"color: #33cccc;\" href=\"https:\/\/usvl.sav.sk\/wp\/?p=8223\">Anna Fosse, PhD. (2017)<\/a><\/strong><\/span><\/li>\n<li><a href=\"https:\/\/usvl.sav.sk\/wp\/?p=7419\" target=\"_blank\" rel=\"noopener\"><span style=\"color: #33cccc;\"><strong>Ter\u00e9zia Struh\u00e1rov\u00e1, PhD. (2014)<\/strong><\/span><\/a><\/li>\n<li><span style=\"color: #33cccc;\"><strong><a style=\"color: #33cccc;\" href=\"https:\/\/usvl.sav.sk\/wp\/?p=7041\">Zuzana Hus\u00e1rov\u00e1, PhD. (2009)<\/a><\/strong><\/span><\/li>\n<\/ul>\n<\/li>\n<\/ul>\n<ul>\n<li>si pozrite <span style=\"color: #33cccc;\"><strong>video:<\/strong> <a style=\"color: #33cccc;\" href=\"https:\/\/www.youtube.com\/watch?v=9WarnODSSZg&amp;t=1s\" target=\"_blank\" rel=\"noopener\">prezent\u00e1cia garanta D\u0160 profesora Adama B\u017eocha a doktorandky Nat\u00e1lie Rondzikovej\u00a0<\/a><\/span><\/li>\n<li>kontaktujte na\u0161u doktorandku:<strong>\u00a0<span style=\"color: #33cccc;\">martina.vladovicova@savba.sk<\/span><\/strong> Martina v\u00e1m poskytne \u010fal\u0161ie inform\u00e1cie a odpovie na zvedav\u00e9 ot\u00e1zky o tom, ako sa jej pracuje na dizert\u00e1cii v na\u0161om \u00fastave,<\/li>\n<li>alebo kontaktujte priamo vedeck\u00fa tajomn\u00ed\u010dku:<span style=\"color: #33cccc;\"> <strong>silvia.rybarova@savba.sk<\/strong><\/span><\/li>\n<\/ul>\n<\/li>\n<\/ul>\n","protected":false},"excerpt":{"rendered":"<p>Od akademick\u00e9ho roka 2025\/2026 spolupracuje \u00fastav pri poskytovan\u00ed \u0161t\u00fadia pre novoprijat\u00fdch doktorandov a doktorandky ako extern\u00e1 vzdel\u00e1vacia in\u0161tit\u00facia s Filozofickou fakultou Univerzity Pavla Jozefa \u0160af\u00e1rika v Ko\u0161iciach v r\u00e1mci \u0161tudijn\u00e9ho odboru Filol\u00f3gia, \u0161tudijn\u00fd program Liter\u00e1rna veda. V\u00fdu\u010dba predmetov prebieha v s\u00eddle \u00fastavu v Bratislave. Garantom doktorandsk\u00e9ho \u0161t\u00fadia v \u00dastave svetovej literat\u00fary SAV, v. v. i., &hellip; <a href=\"https:\/\/usvl.sav.sk\/wp\/?page_id=235\" class=\"more-link\">Pokra\u010dova\u0165 na <span class=\"screen-reader-text\">PhD. \u0161t\u00fadium<\/span> <span class=\"meta-nav\">&rarr;<\/span><\/a><\/p>\n","protected":false},"author":1,"featured_media":0,"parent":0,"menu_order":0,"comment_status":"closed","ping_status":"open","template":"","meta":{"footnotes":""},"class_list":["post-235","page","type-page","status-publish","hentry"],"_links":{"self":[{"href":"https:\/\/usvl.sav.sk\/wp\/index.php?rest_route=\/wp\/v2\/pages\/235","targetHints":{"allow":["GET"]}}],"collection":[{"href":"https:\/\/usvl.sav.sk\/wp\/index.php?rest_route=\/wp\/v2\/pages"}],"about":[{"href":"https:\/\/usvl.sav.sk\/wp\/index.php?rest_route=\/wp\/v2\/types\/page"}],"author":[{"embeddable":true,"href":"https:\/\/usvl.sav.sk\/wp\/index.php?rest_route=\/wp\/v2\/users\/1"}],"replies":[{"embeddable":true,"href":"https:\/\/usvl.sav.sk\/wp\/index.php?rest_route=%2Fwp%2Fv2%2Fcomments&post=235"}],"version-history":[{"count":173,"href":"https:\/\/usvl.sav.sk\/wp\/index.php?rest_route=\/wp\/v2\/pages\/235\/revisions"}],"predecessor-version":[{"id":11109,"href":"https:\/\/usvl.sav.sk\/wp\/index.php?rest_route=\/wp\/v2\/pages\/235\/revisions\/11109"}],"wp:attachment":[{"href":"https:\/\/usvl.sav.sk\/wp\/index.php?rest_route=%2Fwp%2Fv2%2Fmedia&parent=235"}],"curies":[{"name":"wp","href":"https:\/\/api.w.org\/{rel}","templated":true}]}}