{"id":208,"date":"2015-04-26T17:01:09","date_gmt":"2015-04-26T17:01:09","guid":{"rendered":"http:\/\/usvl.sav.sk\/wp\/?page_id=208"},"modified":"2026-03-11T10:21:30","modified_gmt":"2026-03-11T10:21:30","slug":"publikacie-2","status":"publish","type":"page","link":"https:\/\/usvl.sav.sk\/wp\/?page_id=208","title":{"rendered":"Publik\u00e1cie"},"content":{"rendered":"<p><strong><a href=\"https:\/\/usvl.sav.sk\/wp\/?page_id=213\">Knihy\u00a0<\/a><\/strong><\/p>\n<p><strong><a href=\"https:\/\/usvl.sav.sk\/wp\/?page_id=36\">Zoznam publik\u00e1ci\u00ed \u00daSvL SAV<\/a><\/strong><\/p>\n<p><strong><a href=\"https:\/\/www.sav.sk\/?lang=sk&amp;doc=journal-list&amp;journal_no=76\">World Literature Studies (\u010dasopis)\u00a0<\/a><\/strong><\/p>\n<blockquote><p><strong>AKTU\u00c1LNE!<\/strong><\/p><\/blockquote>\n<p><a href=\"https:\/\/usvl.sav.sk\/wp\/wp-content\/uploads\/Call-WLS-Emocionalne-citanie-starsej-europskej-literatury.pdf\">Emocion\u00e1lne \u010d\u00edtanie star\u0161ej eur\u00f3pskej literat\u00fary WLS 2_2027_V\u00fdzva na pr\u00edspevky<\/a><\/p>\n<p><a href=\"https:\/\/usvl.sav.sk\/wp\/wp-content\/uploads\/Call-WLS-Reading-Medieval-and-Early-Modern-Literature.pdf\">Reading Medieval and Early Modern European Literature Emotionally WLS 2_2027_Call for Papers\u00a0<\/a><\/p>\n<p>&nbsp;<\/p>\n","protected":false},"excerpt":{"rendered":"<p>Knihy\u00a0 Zoznam publik\u00e1ci\u00ed \u00daSvL SAV World Literature Studies (\u010dasopis)\u00a0 AKTU\u00c1LNE! Emocion\u00e1lne \u010d\u00edtanie star\u0161ej eur\u00f3pskej literat\u00fary WLS 2_2027_V\u00fdzva na pr\u00edspevky Reading Medieval and Early Modern European Literature Emotionally WLS 2_2027_Call for Papers\u00a0 &nbsp;<\/p>\n","protected":false},"author":1,"featured_media":0,"parent":0,"menu_order":0,"comment_status":"closed","ping_status":"open","template":"","meta":{"footnotes":""},"class_list":["post-208","page","type-page","status-publish","hentry"],"_links":{"self":[{"href":"https:\/\/usvl.sav.sk\/wp\/index.php?rest_route=\/wp\/v2\/pages\/208","targetHints":{"allow":["GET"]}}],"collection":[{"href":"https:\/\/usvl.sav.sk\/wp\/index.php?rest_route=\/wp\/v2\/pages"}],"about":[{"href":"https:\/\/usvl.sav.sk\/wp\/index.php?rest_route=\/wp\/v2\/types\/page"}],"author":[{"embeddable":true,"href":"https:\/\/usvl.sav.sk\/wp\/index.php?rest_route=\/wp\/v2\/users\/1"}],"replies":[{"embeddable":true,"href":"https:\/\/usvl.sav.sk\/wp\/index.php?rest_route=%2Fwp%2Fv2%2Fcomments&post=208"}],"version-history":[{"count":11,"href":"https:\/\/usvl.sav.sk\/wp\/index.php?rest_route=\/wp\/v2\/pages\/208\/revisions"}],"predecessor-version":[{"id":11029,"href":"https:\/\/usvl.sav.sk\/wp\/index.php?rest_route=\/wp\/v2\/pages\/208\/revisions\/11029"}],"wp:attachment":[{"href":"https:\/\/usvl.sav.sk\/wp\/index.php?rest_route=%2Fwp%2Fv2%2Fmedia&parent=208"}],"curies":[{"name":"wp","href":"https:\/\/api.w.org\/{rel}","templated":true}]}}